{"id":17948,"date":"2022-01-14T15:44:34","date_gmt":"2022-01-14T14:44:34","guid":{"rendered":"https:\/\/ostrow-mazowiecki.bpm.wrotamazowsza.pl\/dzialy-2\/"},"modified":"2022-11-04T12:22:29","modified_gmt":"2022-11-04T11:22:29","slug":"dzialy-2","status":"publish","type":"page","link":"https:\/\/bpostrow.pl\/en\/dzialy-2\/","title":{"rendered":"Dzia\u0142y"},"content":{"rendered":"\n<div class=\"wp-block-columns is-layout-flex wp-container-core-columns-is-layout-28f84493 wp-block-columns-is-layout-flex\">\n<div class=\"wp-block-column is-layout-flow wp-block-column-is-layout-flow\" style=\"flex-basis:66.66%\">\n<h2 class=\"wp-block-heading\">WYPO\u017bYCZALNIA<\/h2>\n\n\n\n<ul class=\"wp-block-list\"><li>udost\u0119pnia zbiory wypo\u017cyczalni na zewn\u0105trz<\/li><li>buduje komputerow\u0105 baz\u0119 u\u017cytkownik\u00f3w Biblioteki<\/li><li>udziela informacji katalogowych<\/li><li>propaguje ksi\u0105\u017cki i czytelnictwo<\/li><li>prowadzi statystyki wypo\u017cycze\u0144<\/li><li>wysy\u0142a upomnienia<\/li><li>gromadzi dezyderaty czytelnik\u00f3w<\/li><li>prowadzi dokumentacj\u0119 zwi\u0105zan\u0105 z prac\u0105 dzia\u0142u<\/li><li>udost\u0119pnia kod PIN do wybranych publikacji w IBUK Libra<\/li><li>odpowiada za magazyny ksi\u0105\u017cek<\/li><\/ul>\n\n\n\n<h2 class=\"wp-block-heading\">ZBIORY SPECJALNE<\/h2>\n\n\n\n<p>Dzia\u0142 gromadzi, opracowuje i udost\u0119pnia zbiory audiowizualne. Prowadzi dokumentacj\u0119 i warsztat informacyjny zbior\u00f3w specjalnych.<br>Dzia\u0142 oferuje swoim czytelnikom:<\/p>\n\n\n\n<ul class=\"wp-block-list\"><li>adaptacje lektur szkolnych<\/li><li>spektakle teatralne<\/li><li>filmy edukacyjne i dokumentalne<\/li><li>bestsellery kina polskiego i \u015bwiatowego<\/li><li>audiobooki dla dzieci i doros\u0142ych<\/li><li>s\u0142uchowiska<\/li><li>bajki s\u0142owno \u2013 muzyczne<\/li><li>p\u0142yty z muzyk\u0105<\/li><li>materia\u0142y do nauki j\u0119zyk\u00f3w obcych<\/li><li>edukacyjne programy komputerowe<\/li><\/ul>\n\n\n\n<h2 class=\"wp-block-heading\">CZYTELNIA<\/h2>\n\n\n\n<p>Czytelnia ma charakter publiczny. Dzia\u0142 udost\u0119pnia swoje zbiory na miejscu oraz w ramach wypo\u017cycze\u0144 weekendowych i nocnych oraz:<\/p>\n\n\n\n<ul class=\"wp-block-list\"><li>udziela informacji i porad w zakresie pos\u0142ugiwania si\u0119 warsztatem informacyjnym Biblioteki<\/li><li>udziela konsultacji nauczycielom bibliotekarzom w zakresie ewidencji, gromadzenia i opracowania zbior\u00f3w<\/li><li>udziela pomocy przy wyborze literatury na dany temat<\/li><li>sporz\u0105dza zestawienia bibliograficzne<\/li><li>prowadzi warsztaty i zaj\u0119cia biblioteczne<\/li><li>organizuje wystawy, spotkania autorskie, konkursy czytelnicze i inne imprezy promuj\u0105ce ksi\u0105\u017ck\u0119 i czytelnictwo<\/li><\/ul>\n<\/div>\n\n\n\n<div class=\"wp-block-column is-layout-flow wp-block-column-is-layout-flow\" style=\"flex-basis:33.33%\">\n<figure class=\"wp-block-image size-full\"><img loading=\"lazy\" decoding=\"async\" width=\"1024\" height=\"768\" src=\"https:\/\/bpostrow.pl\/wp-content\/uploads\/sites\/39\/2022\/01\/05-2.jpg\" alt=\"\" class=\"wp-image-17205\" srcset=\"https:\/\/bpostrow.pl\/wp-content\/uploads\/sites\/39\/2022\/01\/05-2.jpg 1024w, https:\/\/bpostrow.pl\/wp-content\/uploads\/sites\/39\/2022\/01\/05-2-300x225.jpg 300w, https:\/\/bpostrow.pl\/wp-content\/uploads\/sites\/39\/2022\/01\/05-2-768x576.jpg 768w, https:\/\/bpostrow.pl\/wp-content\/uploads\/sites\/39\/2022\/01\/05-2-24x18.jpg 24w, https:\/\/bpostrow.pl\/wp-content\/uploads\/sites\/39\/2022\/01\/05-2-36x27.jpg 36w, https:\/\/bpostrow.pl\/wp-content\/uploads\/sites\/39\/2022\/01\/05-2-48x36.jpg 48w\" sizes=\"auto, (max-width: 1024px) 100vw, 1024px\" \/><\/figure>\n\n\n\n<div style=\"height:100px\" aria-hidden=\"true\" class=\"wp-block-spacer\"><\/div>\n\n\n\n<figure class=\"wp-block-image size-full\"><img loading=\"lazy\" decoding=\"async\" width=\"1024\" height=\"768\" src=\"https:\/\/bpostrow.pl\/wp-content\/uploads\/sites\/39\/2022\/01\/04-2.jpg\" alt=\"\" class=\"wp-image-17208\" srcset=\"https:\/\/bpostrow.pl\/wp-content\/uploads\/sites\/39\/2022\/01\/04-2.jpg 1024w, https:\/\/bpostrow.pl\/wp-content\/uploads\/sites\/39\/2022\/01\/04-2-300x225.jpg 300w, https:\/\/bpostrow.pl\/wp-content\/uploads\/sites\/39\/2022\/01\/04-2-768x576.jpg 768w, https:\/\/bpostrow.pl\/wp-content\/uploads\/sites\/39\/2022\/01\/04-2-24x18.jpg 24w, https:\/\/bpostrow.pl\/wp-content\/uploads\/sites\/39\/2022\/01\/04-2-36x27.jpg 36w, https:\/\/bpostrow.pl\/wp-content\/uploads\/sites\/39\/2022\/01\/04-2-48x36.jpg 48w\" sizes=\"auto, (max-width: 1024px) 100vw, 1024px\" \/><\/figure>\n\n\n\n<div style=\"height:216px\" aria-hidden=\"true\" class=\"wp-block-spacer\"><\/div>\n\n\n\n<figure class=\"wp-block-image size-full\"><img loading=\"lazy\" decoding=\"async\" width=\"1024\" height=\"768\" src=\"https:\/\/bpostrow.pl\/wp-content\/uploads\/sites\/39\/2022\/01\/02-1.jpg\" alt=\"\" class=\"wp-image-17211\" srcset=\"https:\/\/bpostrow.pl\/wp-content\/uploads\/sites\/39\/2022\/01\/02-1.jpg 1024w, https:\/\/bpostrow.pl\/wp-content\/uploads\/sites\/39\/2022\/01\/02-1-300x225.jpg 300w, https:\/\/bpostrow.pl\/wp-content\/uploads\/sites\/39\/2022\/01\/02-1-768x576.jpg 768w, https:\/\/bpostrow.pl\/wp-content\/uploads\/sites\/39\/2022\/01\/02-1-24x18.jpg 24w, https:\/\/bpostrow.pl\/wp-content\/uploads\/sites\/39\/2022\/01\/02-1-36x27.jpg 36w, https:\/\/bpostrow.pl\/wp-content\/uploads\/sites\/39\/2022\/01\/02-1-48x36.jpg 48w\" sizes=\"auto, (max-width: 1024px) 100vw, 1024px\" \/><\/figure>\n<\/div>\n<\/div>\n\n\n\n<div class=\"wp-block-columns is-layout-flex wp-container-core-columns-is-layout-28f84493 wp-block-columns-is-layout-flex\"><\/div>\n","protected":false},"excerpt":{"rendered":"<p>WYPO\u017bYCZALNIA udost\u0119pnia zbiory wypo\u017cyczalni na zewn\u0105trz buduje komputerow\u0105 baz\u0119 u\u017cytkownik\u00f3w Biblioteki udziela informacji katalogowych propaguje ksi\u0105\u017cki i czytelnictwo prowadzi statystyki [&hellip;]<\/p>\n","protected":false},"author":205,"featured_media":0,"parent":0,"menu_order":0,"comment_status":"closed","ping_status":"closed","template":"","meta":{"_acf_changed":false,"_oasis_is_in_workflow":0,"_oasis_original":0,"inline_featured_image":false,"site-sidebar-layout":"default","site-content-layout":"","ast-site-content-layout":"default","site-content-style":"default","site-sidebar-style":"default","ast-global-header-display":"","ast-banner-title-visibility":"","ast-main-header-display":"","ast-hfb-above-header-display":"","ast-hfb-below-header-display":"","ast-hfb-mobile-header-display":"","site-post-title":"","ast-breadcrumbs-content":"","ast-featured-img":"","footer-sml-layout":"","ast-disable-related-posts":"","theme-transparent-header-meta":"","adv-header-id-meta":"","stick-header-meta":"","header-above-stick-meta":"","header-main-stick-meta":"","header-below-stick-meta":"","astra-migrate-meta-layouts":"default","ast-page-background-enabled":"default","ast-page-background-meta":{"desktop":{"background-color":"","background-image":"","background-repeat":"repeat","background-position":"center center","background-size":"auto","background-attachment":"scroll","background-type":"","background-media":"","overlay-type":"","overlay-color":"","overlay-opacity":"","overlay-gradient":""},"tablet":{"background-color":"","background-image":"","background-repeat":"repeat","background-position":"center center","background-size":"auto","background-attachment":"scroll","background-type":"","background-media":"","overlay-type":"","overlay-color":"","overlay-opacity":"","overlay-gradient":""},"mobile":{"background-color":"","background-image":"","background-repeat":"repeat","background-position":"center center","background-size":"auto","background-attachment":"scroll","background-type":"","background-media":"","overlay-type":"","overlay-color":"","overlay-opacity":"","overlay-gradient":""}},"ast-content-background-meta":{"desktop":{"background-color":"var(--ast-global-color-5)","background-image":"","background-repeat":"repeat","background-position":"center center","background-size":"auto","background-attachment":"scroll","background-type":"","background-media":"","overlay-type":"","overlay-color":"","overlay-opacity":"","overlay-gradient":""},"tablet":{"background-color":"var(--ast-global-color-5)","background-image":"","background-repeat":"repeat","background-position":"center center","background-size":"auto","background-attachment":"scroll","background-type":"","background-media":"","overlay-type":"","overlay-color":"","overlay-opacity":"","overlay-gradient":""},"mobile":{"background-color":"var(--ast-global-color-5)","background-image":"","background-repeat":"repeat","background-position":"center center","background-size":"auto","background-attachment":"scroll","background-type":"","background-media":"","overlay-type":"","overlay-color":"","overlay-opacity":"","overlay-gradient":""}},"_themeisle_gutenberg_block_has_review":false,"footnotes":""},"class_list":["post-17948","page","type-page","status-publish","hentry"],"acf":[],"featured_image_urls_v2":{"full":"","thumbnail":"","medium":"","medium_large":"","large":"","1536x1536":"","2048x2048":"","menu-24x24":"","menu-36x36":"","menu-48x48":"","mailpoet_newsletter_max":""},"post_excerpt_stackable_v2":"<p>WYPO\u017bYCZALNIA udost\u0119pnia zbiory wypo\u017cyczalni na zewn\u0105trzbuduje komputerow\u0105 baz\u0119 u\u017cytkownik\u00f3w Bibliotekiudziela informacji katalogowychpropaguje ksi\u0105\u017cki i czytelnictwoprowadzi statystyki wypo\u017cycze\u0144wysy\u0142a upomnieniagromadzi dezyderaty czytelnik\u00f3wprowadzi dokumentacj\u0119 zwi\u0105zan\u0105 z prac\u0105 dzia\u0142uudost\u0119pnia kod PIN do wybranych publikacji w IBUK Libraodpowiada za magazyny ksi\u0105\u017cek ZBIORY SPECJALNE Dzia\u0142 gromadzi, opracowuje i udost\u0119pnia zbiory audiowizualne. Prowadzi dokumentacj\u0119 i warsztat informacyjny zbior\u00f3w specjalnych.Dzia\u0142 oferuje swoim czytelnikom: adaptacje lektur szkolnychspektakle teatralnefilmy edukacyjne i dokumentalnebestsellery kina polskiego i \u015bwiatowegoaudiobooki dla dzieci i doros\u0142ychs\u0142uchowiskabajki s\u0142owno \u2013 muzycznep\u0142yty z muzyk\u0105materia\u0142y do nauki j\u0119zyk\u00f3w obcychedukacyjne programy komputerowe CZYTELNIA Czytelnia ma charakter publiczny. Dzia\u0142 udost\u0119pnia swoje zbiory na miejscu oraz w ramach wypo\u017cycze\u0144 weekendowych i nocnych oraz:&hellip;<\/p>\n","category_list_v2":"","author_info_v2":{"name":"c2FicmFtZWs=","url":"https:\/\/bpostrow.pl\/en\/author\/c2ficmftzws-2\/"},"comments_num_v2":"0 comments","_links":{"self":[{"href":"https:\/\/bpostrow.pl\/en\/wp-json\/wp\/v2\/pages\/17948","targetHints":{"allow":["GET"]}}],"collection":[{"href":"https:\/\/bpostrow.pl\/en\/wp-json\/wp\/v2\/pages"}],"about":[{"href":"https:\/\/bpostrow.pl\/en\/wp-json\/wp\/v2\/types\/page"}],"author":[{"embeddable":true,"href":"https:\/\/bpostrow.pl\/en\/wp-json\/wp\/v2\/users\/205"}],"replies":[{"embeddable":true,"href":"https:\/\/bpostrow.pl\/en\/wp-json\/wp\/v2\/comments?post=17948"}],"version-history":[{"count":1,"href":"https:\/\/bpostrow.pl\/en\/wp-json\/wp\/v2\/pages\/17948\/revisions"}],"predecessor-version":[{"id":22484,"href":"https:\/\/bpostrow.pl\/en\/wp-json\/wp\/v2\/pages\/17948\/revisions\/22484"}],"wp:attachment":[{"href":"https:\/\/bpostrow.pl\/en\/wp-json\/wp\/v2\/media?parent=17948"}],"curies":[{"name":"wp","href":"https:\/\/api.w.org\/{rel}","templated":true}]}}