{"id":17952,"date":"2022-01-15T16:38:40","date_gmt":"2022-01-15T15:38:40","guid":{"rendered":"https:\/\/ostrow-mazowiecki.bpm.wrotamazowsza.pl\/materialy-repertuarowe\/"},"modified":"2022-11-04T12:22:51","modified_gmt":"2022-11-04T11:22:51","slug":"materialy-repertuarowe","status":"publish","type":"page","link":"https:\/\/bpostrow.pl\/en\/materialy-repertuarowe\/","title":{"rendered":"Materia\u0142y repertuarowe"},"content":{"rendered":"\n<h5 class=\"wp-block-heading\"><br>SCENARIUSZE IMPREZ OKOLICZNO\u015aCIOWYCH<\/h5>\n\n\n\n<figure class=\"wp-block-table\"><table><tbody><tr><td><a href=\"https:\/\/ostrow-mazowiecki.bpm.wrotamazowsza.pl\/andrzejki-zestawienie-bibliograficzne-w-wyborze-opracowane-na-podstawie-zbiorow-biblioteki-pedagogicznej-w-ostrowi-mazowieckiej\/\" target=\"_blank\" rel=\"noopener\">Andrzejki<\/a>\u00a0\u2013 zestawienie bibliograficzne w wyborze<\/td><\/tr><tr><td><a href=\"https:\/\/ostrow-mazowiecki.bpm.wrotamazowsza.pl\/dzien-mamy-i-taty-zestawienie-bibliograficzne-w-wyborzeopracowane-na-podstawie-artykulow-z-czasopism\/\" target=\"_blank\" rel=\"noopener\">Dzie\u0144 Mamy i Taty\u00a0<\/a>\u2013 zestawienie bibliograficzne w wyborze opracowane na podstawie artyku\u0142\u00f3w z czasopism<\/td><\/tr><tr><td><a href=\"https:\/\/ostrow-mazowiecki.bpm.wrotamazowsza.pl\/jan-pawel-ii-materialy-repertuarowe\/\" target=\"_blank\" rel=\"noopener\">Jan Pawe\u0142 II<\/a>\u00a0\u2013 materia\u0142y repertuarowe<\/td><\/tr><tr><td><a href=\"https:\/\/ostrow-mazowiecki.bpm.wrotamazowsza.pl\/narodowe-swieto-niepodleglosci-zestawienie-bibliograficzne\/\" target=\"_blank\" rel=\"noopener\">Narodowe\u00a0\u015awi\u0119to Niepodleg\u0142o\u015bci<strong>\u00a0<\/strong><\/a><strong>\u2013\u00a0<\/strong>zestawienie bibliograficzne<\/td><\/tr><\/tbody><\/table><\/figure>\n","protected":false},"excerpt":{"rendered":"<p>SCENARIUSZE IMPREZ OKOLICZNO\u015aCIOWYCH Andrzejki\u00a0\u2013 zestawienie bibliograficzne w wyborze Dzie\u0144 Mamy i Taty\u00a0\u2013 zestawienie bibliograficzne w wyborze opracowane na podstawie artyku\u0142\u00f3w [&hellip;]<\/p>\n","protected":false},"author":205,"featured_media":0,"parent":0,"menu_order":0,"comment_status":"closed","ping_status":"closed","template":"","meta":{"_acf_changed":false,"_oasis_is_in_workflow":0,"_oasis_original":0,"inline_featured_image":false,"site-sidebar-layout":"default","site-content-layout":"","ast-site-content-layout":"default","site-content-style":"default","site-sidebar-style":"default","ast-global-header-display":"","ast-banner-title-visibility":"","ast-main-header-display":"","ast-hfb-above-header-display":"","ast-hfb-below-header-display":"","ast-hfb-mobile-header-display":"","site-post-title":"","ast-breadcrumbs-content":"","ast-featured-img":"","footer-sml-layout":"","ast-disable-related-posts":"","theme-transparent-header-meta":"","adv-header-id-meta":"","stick-header-meta":"","header-above-stick-meta":"","header-main-stick-meta":"","header-below-stick-meta":"","astra-migrate-meta-layouts":"default","ast-page-background-enabled":"default","ast-page-background-meta":{"desktop":{"background-color":"","background-image":"","background-repeat":"repeat","background-position":"center center","background-size":"auto","background-attachment":"scroll","background-type":"","background-media":"","overlay-type":"","overlay-color":"","overlay-opacity":"","overlay-gradient":""},"tablet":{"background-color":"","background-image":"","background-repeat":"repeat","background-position":"center center","background-size":"auto","background-attachment":"scroll","background-type":"","background-media":"","overlay-type":"","overlay-color":"","overlay-opacity":"","overlay-gradient":""},"mobile":{"background-color":"","background-image":"","background-repeat":"repeat","background-position":"center center","background-size":"auto","background-attachment":"scroll","background-type":"","background-media":"","overlay-type":"","overlay-color":"","overlay-opacity":"","overlay-gradient":""}},"ast-content-background-meta":{"desktop":{"background-color":"var(--ast-global-color-5)","background-image":"","background-repeat":"repeat","background-position":"center center","background-size":"auto","background-attachment":"scroll","background-type":"","background-media":"","overlay-type":"","overlay-color":"","overlay-opacity":"","overlay-gradient":""},"tablet":{"background-color":"var(--ast-global-color-5)","background-image":"","background-repeat":"repeat","background-position":"center center","background-size":"auto","background-attachment":"scroll","background-type":"","background-media":"","overlay-type":"","overlay-color":"","overlay-opacity":"","overlay-gradient":""},"mobile":{"background-color":"var(--ast-global-color-5)","background-image":"","background-repeat":"repeat","background-position":"center center","background-size":"auto","background-attachment":"scroll","background-type":"","background-media":"","overlay-type":"","overlay-color":"","overlay-opacity":"","overlay-gradient":""}},"_themeisle_gutenberg_block_has_review":false,"footnotes":""},"class_list":["post-17952","page","type-page","status-publish","hentry"],"acf":[],"featured_image_urls_v2":{"full":"","thumbnail":"","medium":"","medium_large":"","large":"","1536x1536":"","2048x2048":"","menu-24x24":"","menu-36x36":"","menu-48x48":"","mailpoet_newsletter_max":""},"post_excerpt_stackable_v2":"<p>SCENARIUSZE IMPREZ OKOLICZNO\u015aCIOWYCH Andrzejki\u00a0\u2013 zestawienie bibliograficzne w wyborzeDzie\u0144 Mamy i Taty\u00a0\u2013 zestawienie bibliograficzne w wyborze opracowane na podstawie artyku\u0142\u00f3w z czasopismJan Pawe\u0142 II\u00a0\u2013 materia\u0142y repertuaroweNarodowe\u00a0\u015awi\u0119to Niepodleg\u0142o\u015bci\u00a0\u2013\u00a0zestawienie bibliograficzne<\/p>\n","category_list_v2":"","author_info_v2":{"name":"c2FicmFtZWs=","url":"https:\/\/bpostrow.pl\/en\/author\/c2ficmftzws-2\/"},"comments_num_v2":"0 comments","_links":{"self":[{"href":"https:\/\/bpostrow.pl\/en\/wp-json\/wp\/v2\/pages\/17952","targetHints":{"allow":["GET"]}}],"collection":[{"href":"https:\/\/bpostrow.pl\/en\/wp-json\/wp\/v2\/pages"}],"about":[{"href":"https:\/\/bpostrow.pl\/en\/wp-json\/wp\/v2\/types\/page"}],"author":[{"embeddable":true,"href":"https:\/\/bpostrow.pl\/en\/wp-json\/wp\/v2\/users\/205"}],"replies":[{"embeddable":true,"href":"https:\/\/bpostrow.pl\/en\/wp-json\/wp\/v2\/comments?post=17952"}],"version-history":[{"count":1,"href":"https:\/\/bpostrow.pl\/en\/wp-json\/wp\/v2\/pages\/17952\/revisions"}],"predecessor-version":[{"id":22529,"href":"https:\/\/bpostrow.pl\/en\/wp-json\/wp\/v2\/pages\/17952\/revisions\/22529"}],"wp:attachment":[{"href":"https:\/\/bpostrow.pl\/en\/wp-json\/wp\/v2\/media?parent=17952"}],"curies":[{"name":"wp","href":"https:\/\/api.w.org\/{rel}","templated":true}]}}