{"id":17982,"date":"2022-01-15T18:08:25","date_gmt":"2022-01-15T17:08:25","guid":{"rendered":"https:\/\/ostrow-mazowiecki.bpm.wrotamazowsza.pl\/podniesienie-jakosci-edukacji-matematycznej-przyrodniczej-i-informatycznej\/"},"modified":"2022-02-23T16:20:14","modified_gmt":"2022-02-23T15:20:14","slug":"podniesienie-jakosci-edukacji-matematycznej-przyrodniczej-i-informatycznej","status":"publish","type":"page","link":"https:\/\/bpostrow.pl\/en\/podniesienie-jakosci-edukacji-matematycznej-przyrodniczej-i-informatycznej\/","title":{"rendered":"Podniesienie jako\u015bci edukacji matematycznej, przyrodniczej i informatycznej"},"content":{"rendered":"\n<div class=\"wp-block-columns is-layout-flex wp-container-core-columns-is-layout-28f84493 wp-block-columns-is-layout-flex\">\n<div class=\"wp-block-column is-layout-flow wp-block-column-is-layout-flow\" style=\"flex-basis:33.33%\">\n<div class=\"wp-block-image\"><figure class=\"aligncenter size-full\"><img loading=\"lazy\" decoding=\"async\" width=\"60\" height=\"92\" src=\"https:\/\/ostrow-mazowiecki.bpm.wrotamazowsza.pl\/wp-content\/uploads\/sites\/39\/2022\/01\/1.jpg\" alt=\"\" class=\"wp-image-18081\" srcset=\"https:\/\/bpostrow.pl\/wp-content\/uploads\/sites\/39\/2022\/01\/1.jpg 60w, https:\/\/bpostrow.pl\/wp-content\/uploads\/sites\/39\/2022\/01\/1-16x24.jpg 16w, https:\/\/bpostrow.pl\/wp-content\/uploads\/sites\/39\/2022\/01\/1-23x36.jpg 23w, https:\/\/bpostrow.pl\/wp-content\/uploads\/sites\/39\/2022\/01\/1-31x48.jpg 31w\" sizes=\"auto, (max-width: 60px) 100vw, 60px\" \/><\/figure><\/div>\n\n\n\n<div style=\"height:8px\" aria-hidden=\"true\" class=\"wp-block-spacer\"><\/div>\n\n\n\n<div class=\"wp-block-image\"><figure class=\"aligncenter size-full\"><img loading=\"lazy\" decoding=\"async\" width=\"64\" height=\"99\" src=\"https:\/\/ostrow-mazowiecki.bpm.wrotamazowsza.pl\/wp-content\/uploads\/sites\/39\/2022\/01\/2.jpg\" alt=\"\" class=\"wp-image-18084\" srcset=\"https:\/\/bpostrow.pl\/wp-content\/uploads\/sites\/39\/2022\/01\/2.jpg 64w, https:\/\/bpostrow.pl\/wp-content\/uploads\/sites\/39\/2022\/01\/2-16x24.jpg 16w, https:\/\/bpostrow.pl\/wp-content\/uploads\/sites\/39\/2022\/01\/2-23x36.jpg 23w, https:\/\/bpostrow.pl\/wp-content\/uploads\/sites\/39\/2022\/01\/2-31x48.jpg 31w\" sizes=\"auto, (max-width: 64px) 100vw, 64px\" \/><\/figure><\/div>\n\n\n\n<div class=\"wp-block-image\"><figure class=\"aligncenter size-full\"><img loading=\"lazy\" decoding=\"async\" width=\"63\" height=\"88\" src=\"https:\/\/ostrow-mazowiecki.bpm.wrotamazowsza.pl\/wp-content\/uploads\/sites\/39\/2022\/01\/3.jpg\" alt=\"\" class=\"wp-image-18087\" srcset=\"https:\/\/bpostrow.pl\/wp-content\/uploads\/sites\/39\/2022\/01\/3.jpg 63w, https:\/\/bpostrow.pl\/wp-content\/uploads\/sites\/39\/2022\/01\/3-17x24.jpg 17w, https:\/\/bpostrow.pl\/wp-content\/uploads\/sites\/39\/2022\/01\/3-26x36.jpg 26w, https:\/\/bpostrow.pl\/wp-content\/uploads\/sites\/39\/2022\/01\/3-34x48.jpg 34w\" sizes=\"auto, (max-width: 63px) 100vw, 63px\" \/><\/figure><\/div>\n\n\n\n<div class=\"wp-block-image\"><figure class=\"aligncenter size-full\"><img loading=\"lazy\" decoding=\"async\" width=\"62\" height=\"94\" src=\"https:\/\/ostrow-mazowiecki.bpm.wrotamazowsza.pl\/wp-content\/uploads\/sites\/39\/2022\/01\/4.jpg\" alt=\"\" class=\"wp-image-18090\" srcset=\"https:\/\/bpostrow.pl\/wp-content\/uploads\/sites\/39\/2022\/01\/4.jpg 62w, https:\/\/bpostrow.pl\/wp-content\/uploads\/sites\/39\/2022\/01\/4-16x24.jpg 16w, https:\/\/bpostrow.pl\/wp-content\/uploads\/sites\/39\/2022\/01\/4-24x36.jpg 24w, https:\/\/bpostrow.pl\/wp-content\/uploads\/sites\/39\/2022\/01\/4-32x48.jpg 32w\" sizes=\"auto, (max-width: 62px) 100vw, 62px\" \/><\/figure><\/div>\n\n\n\n<div class=\"wp-block-image\"><figure class=\"aligncenter size-full\"><img loading=\"lazy\" decoding=\"async\" width=\"65\" height=\"87\" src=\"https:\/\/ostrow-mazowiecki.bpm.wrotamazowsza.pl\/wp-content\/uploads\/sites\/39\/2022\/01\/5.jpg\" alt=\"\" class=\"wp-image-18093\" srcset=\"https:\/\/bpostrow.pl\/wp-content\/uploads\/sites\/39\/2022\/01\/5.jpg 65w, https:\/\/bpostrow.pl\/wp-content\/uploads\/sites\/39\/2022\/01\/5-18x24.jpg 18w, https:\/\/bpostrow.pl\/wp-content\/uploads\/sites\/39\/2022\/01\/5-27x36.jpg 27w, https:\/\/bpostrow.pl\/wp-content\/uploads\/sites\/39\/2022\/01\/5-36x48.jpg 36w\" sizes=\"auto, (max-width: 65px) 100vw, 65px\" \/><\/figure><\/div>\n\n\n\n<div class=\"wp-block-image\"><figure class=\"aligncenter size-full\"><img loading=\"lazy\" decoding=\"async\" width=\"64\" height=\"87\" src=\"https:\/\/ostrow-mazowiecki.bpm.wrotamazowsza.pl\/wp-content\/uploads\/sites\/39\/2022\/01\/6.jpg\" alt=\"\" class=\"wp-image-18096\" srcset=\"https:\/\/bpostrow.pl\/wp-content\/uploads\/sites\/39\/2022\/01\/6.jpg 64w, https:\/\/bpostrow.pl\/wp-content\/uploads\/sites\/39\/2022\/01\/6-18x24.jpg 18w, https:\/\/bpostrow.pl\/wp-content\/uploads\/sites\/39\/2022\/01\/6-26x36.jpg 26w, https:\/\/bpostrow.pl\/wp-content\/uploads\/sites\/39\/2022\/01\/6-35x48.jpg 35w\" sizes=\"auto, (max-width: 64px) 100vw, 64px\" \/><\/figure><\/div>\n\n\n\n<div class=\"wp-block-image\"><figure class=\"aligncenter size-full\"><img loading=\"lazy\" decoding=\"async\" width=\"69\" height=\"95\" src=\"https:\/\/ostrow-mazowiecki.bpm.wrotamazowsza.pl\/wp-content\/uploads\/sites\/39\/2022\/01\/7.jpg\" alt=\"\" class=\"wp-image-18099\" srcset=\"https:\/\/bpostrow.pl\/wp-content\/uploads\/sites\/39\/2022\/01\/7.jpg 69w, https:\/\/bpostrow.pl\/wp-content\/uploads\/sites\/39\/2022\/01\/7-17x24.jpg 17w, https:\/\/bpostrow.pl\/wp-content\/uploads\/sites\/39\/2022\/01\/7-26x36.jpg 26w, https:\/\/bpostrow.pl\/wp-content\/uploads\/sites\/39\/2022\/01\/7-35x48.jpg 35w\" sizes=\"auto, (max-width: 69px) 100vw, 69px\" \/><\/figure><\/div>\n\n\n\n<div class=\"wp-block-image\"><figure class=\"aligncenter size-full\"><img loading=\"lazy\" decoding=\"async\" width=\"62\" height=\"90\" src=\"https:\/\/ostrow-mazowiecki.bpm.wrotamazowsza.pl\/wp-content\/uploads\/sites\/39\/2022\/01\/8.jpg\" alt=\"\" class=\"wp-image-18102\" srcset=\"https:\/\/bpostrow.pl\/wp-content\/uploads\/sites\/39\/2022\/01\/8.jpg 62w, https:\/\/bpostrow.pl\/wp-content\/uploads\/sites\/39\/2022\/01\/8-17x24.jpg 17w, https:\/\/bpostrow.pl\/wp-content\/uploads\/sites\/39\/2022\/01\/8-25x36.jpg 25w, https:\/\/bpostrow.pl\/wp-content\/uploads\/sites\/39\/2022\/01\/8-33x48.jpg 33w\" sizes=\"auto, (max-width: 62px) 100vw, 62px\" \/><\/figure><\/div>\n\n\n\n<div style=\"height:14px\" aria-hidden=\"true\" class=\"wp-block-spacer\"><\/div>\n\n\n\n<div class=\"wp-block-image\"><figure class=\"aligncenter size-full\"><img loading=\"lazy\" decoding=\"async\" width=\"64\" height=\"90\" src=\"https:\/\/ostrow-mazowiecki.bpm.wrotamazowsza.pl\/wp-content\/uploads\/sites\/39\/2022\/01\/9.jpg\" alt=\"\" class=\"wp-image-18105\" srcset=\"https:\/\/bpostrow.pl\/wp-content\/uploads\/sites\/39\/2022\/01\/9.jpg 64w, https:\/\/bpostrow.pl\/wp-content\/uploads\/sites\/39\/2022\/01\/9-17x24.jpg 17w, https:\/\/bpostrow.pl\/wp-content\/uploads\/sites\/39\/2022\/01\/9-26x36.jpg 26w, https:\/\/bpostrow.pl\/wp-content\/uploads\/sites\/39\/2022\/01\/9-34x48.jpg 34w\" sizes=\"auto, (max-width: 64px) 100vw, 64px\" \/><\/figure><\/div>\n<\/div>\n\n\n\n<div class=\"wp-block-column is-layout-flow wp-block-column-is-layout-flow\" style=\"flex-basis:66.66%\">\n<p>Do\u015bwiadczanie zmian w teorii i praktyce pedagogicznej \/ red. nauk. Joanna Skibska i Justyna Wojciechowska. \u2013 Warszawa : Wydawnictwo Akademickie \u017bak, cop. 2015.&nbsp;<strong>W 77203<\/strong><\/p>\n\n\n\n<p>Edukacja matematyczna a cywilizacja cyfrowa : podmioty kszta\u0142cenia wobec wyzwa\u0144 technologii informacyjnych \/ Joanna Kandzia. \u2013 Warszawa : Wydawnictwo Uniwersytetu Kardyna\u0142a Stefana Wyszy\u0144skiego, 2016.&nbsp;<strong>W 77010<\/strong><\/p>\n\n\n\n<p>Kompetencje informacyjne uczni\u00f3w w perspektywie zmian szkolnego \u015brodowiska uczenia si\u0119 \/ Katarzyna Borawska-Kalbarczyk. \u2013 Warszawa : Wydawnictwo Akademickie \u017bak, 2015.&nbsp;<strong>W 72533<\/strong><\/p>\n\n\n\n<p>Multimedialne wspomaganie kszta\u0142cenia matematycznego \/ Anna Rybak. \u2013 Opole : Wydawnictwo Nowik, 2016.&nbsp;<strong>W 75055<\/strong><\/p>\n\n\n\n<div style=\"height:20px\" aria-hidden=\"true\" class=\"wp-block-spacer\"><\/div>\n\n\n\n<p>Nowe technologie informacyjne w edukacji : niekoniecznie \u201ecyfrowa demencja\u201d \/ Joanna Adamkiewicz. \u2013 Toru\u0144 : Wydawnictwo Adam Marsza\u0142ek, 2015.&nbsp;<strong>W 75929<\/strong><\/p>\n\n\n\n<div style=\"height:8px\" aria-hidden=\"true\" class=\"wp-block-spacer\"><\/div>\n\n\n\n<p>Przyroda w szkole ponadgimnazjalnej : poradnik metodyczny \/ Jolanta Golanko, Gra\u017cyna Skirmuntt, Urszula Poziomek. \u2013 Warszawa : O\u015brodek Rozwoju Edukacji, [2015?].&nbsp;<strong>W 75028<\/strong><\/p>\n\n\n\n<p>Technologie informacyjno-komunikacyjne na lekcjach : przyk\u0142adowe konspekty i polecane praktyki \/ Ma\u0142gorzata Ostrowska, Danuta Sterna. \u2013 Warszawa : Centrum Edukacji Obywatelskiej, 2015<strong>. W 75012, P 75013<\/strong><\/p>\n\n\n\n<p>W dzik\u0105 stron\u0119 : rozmowy o edukacji w przyrodzie \/ [red. Agnieszka Gaszy\u0144ska, Gosia \u015awiderek]. \u2013 \u0141\u00f3d\u017a : O\u015brodek Dzia\u0142a\u0144 Ekologicznych \u201e\u0179r\u00f3d\u0142a\u201d, 2016.&nbsp;<strong>W 76147<\/strong><\/p>\n\n\n\n<p>Wybrane obszary edukacji matematycznej dzieci : poradnik dla nauczycieli klas I-III \/ Agnieszka Nowak-\u0141ojewska, (oprac. graficzne zada\u0144 Joanna \u0141ojewska). \u2013 Warszawa : O\u015brodek Rozwoju Edukacji, [2015?].&nbsp;<strong>W 75034<\/strong><\/p>\n<\/div>\n<\/div>\n","protected":false},"excerpt":{"rendered":"<p>Do\u015bwiadczanie zmian w teorii i praktyce pedagogicznej \/ red. nauk. Joanna Skibska i Justyna Wojciechowska. \u2013 Warszawa : Wydawnictwo Akademickie [&hellip;]<\/p>\n","protected":false},"author":205,"featured_media":0,"parent":0,"menu_order":0,"comment_status":"closed","ping_status":"closed","template":"","meta":{"_acf_changed":false,"_oasis_is_in_workflow":0,"_oasis_original":0,"inline_featured_image":false,"site-sidebar-layout":"default","site-content-layout":"","ast-site-content-layout":"default","site-content-style":"default","site-sidebar-style":"default","ast-global-header-display":"","ast-banner-title-visibility":"","ast-main-header-display":"","ast-hfb-above-header-display":"","ast-hfb-below-header-display":"","ast-hfb-mobile-header-display":"","site-post-title":"","ast-breadcrumbs-content":"","ast-featured-img":"","footer-sml-layout":"","ast-disable-related-posts":"","theme-transparent-header-meta":"","adv-header-id-meta":"","stick-header-meta":"","header-above-stick-meta":"","header-main-stick-meta":"","header-below-stick-meta":"","astra-migrate-meta-layouts":"default","ast-page-background-enabled":"default","ast-page-background-meta":{"desktop":{"background-color":"","background-image":"","background-repeat":"repeat","background-position":"center center","background-size":"auto","background-attachment":"scroll","background-type":"","background-media":"","overlay-type":"","overlay-color":"","overlay-opacity":"","overlay-gradient":""},"tablet":{"background-color":"","background-image":"","background-repeat":"repeat","background-position":"center center","background-size":"auto","background-attachment":"scroll","background-type":"","background-media":"","overlay-type":"","overlay-color":"","overlay-opacity":"","overlay-gradient":""},"mobile":{"background-color":"","background-image":"","background-repeat":"repeat","background-position":"center center","background-size":"auto","background-attachment":"scroll","background-type":"","background-media":"","overlay-type":"","overlay-color":"","overlay-opacity":"","overlay-gradient":""}},"ast-content-background-meta":{"desktop":{"background-color":"var(--ast-global-color-5)","background-image":"","background-repeat":"repeat","background-position":"center center","background-size":"auto","background-attachment":"scroll","background-type":"","background-media":"","overlay-type":"","overlay-color":"","overlay-opacity":"","overlay-gradient":""},"tablet":{"background-color":"var(--ast-global-color-5)","background-image":"","background-repeat":"repeat","background-position":"center center","background-size":"auto","background-attachment":"scroll","background-type":"","background-media":"","overlay-type":"","overlay-color":"","overlay-opacity":"","overlay-gradient":""},"mobile":{"background-color":"var(--ast-global-color-5)","background-image":"","background-repeat":"repeat","background-position":"center center","background-size":"auto","background-attachment":"scroll","background-type":"","background-media":"","overlay-type":"","overlay-color":"","overlay-opacity":"","overlay-gradient":""}},"_themeisle_gutenberg_block_has_review":false,"footnotes":""},"class_list":["post-17982","page","type-page","status-publish","hentry"],"acf":[],"featured_image_urls_v2":{"full":"","thumbnail":"","medium":"","medium_large":"","large":"","1536x1536":"","2048x2048":"","menu-24x24":"","menu-36x36":"","menu-48x48":"","mailpoet_newsletter_max":""},"post_excerpt_stackable_v2":"<p>Do\u015bwiadczanie zmian w teorii i praktyce pedagogicznej \/ red. nauk. Joanna Skibska i Justyna Wojciechowska. \u2013 Warszawa : Wydawnictwo Akademickie \u017bak, cop. 2015.&nbsp;W 77203 Edukacja matematyczna a cywilizacja cyfrowa : podmioty kszta\u0142cenia wobec wyzwa\u0144 technologii informacyjnych \/ Joanna Kandzia. \u2013 Warszawa : Wydawnictwo Uniwersytetu Kardyna\u0142a Stefana Wyszy\u0144skiego, 2016.&nbsp;W 77010 Kompetencje informacyjne uczni\u00f3w w perspektywie zmian szkolnego \u015brodowiska uczenia si\u0119 \/ Katarzyna Borawska-Kalbarczyk. \u2013 Warszawa : Wydawnictwo Akademickie \u017bak, 2015.&nbsp;W 72533 Multimedialne wspomaganie kszta\u0142cenia matematycznego \/ Anna Rybak. \u2013 Opole : Wydawnictwo Nowik, 2016.&nbsp;W 75055 Nowe technologie informacyjne w edukacji : niekoniecznie \u201ecyfrowa demencja\u201d \/ Joanna Adamkiewicz. \u2013 Toru\u0144 : Wydawnictwo&hellip;<\/p>\n","category_list_v2":"","author_info_v2":{"name":"c2FicmFtZWs=","url":"https:\/\/bpostrow.pl\/en\/author\/c2ficmftzws-2\/"},"comments_num_v2":"0 comments","_links":{"self":[{"href":"https:\/\/bpostrow.pl\/en\/wp-json\/wp\/v2\/pages\/17982","targetHints":{"allow":["GET"]}}],"collection":[{"href":"https:\/\/bpostrow.pl\/en\/wp-json\/wp\/v2\/pages"}],"about":[{"href":"https:\/\/bpostrow.pl\/en\/wp-json\/wp\/v2\/types\/page"}],"author":[{"embeddable":true,"href":"https:\/\/bpostrow.pl\/en\/wp-json\/wp\/v2\/users\/205"}],"replies":[{"embeddable":true,"href":"https:\/\/bpostrow.pl\/en\/wp-json\/wp\/v2\/comments?post=17982"}],"version-history":[{"count":8,"href":"https:\/\/bpostrow.pl\/en\/wp-json\/wp\/v2\/pages\/17982\/revisions"}],"predecessor-version":[{"id":19905,"href":"https:\/\/bpostrow.pl\/en\/wp-json\/wp\/v2\/pages\/17982\/revisions\/19905"}],"wp:attachment":[{"href":"https:\/\/bpostrow.pl\/en\/wp-json\/wp\/v2\/media?parent=17982"}],"curies":[{"name":"wp","href":"https:\/\/api.w.org\/{rel}","templated":true}]}}