{"id":18947,"date":"2021-09-20T14:33:27","date_gmt":"2021-09-20T12:33:27","guid":{"rendered":"https:\/\/ostrow-mazowiecki.bpm.wrotamazowsza.pl\/rodo\/"},"modified":"2022-04-22T10:47:46","modified_gmt":"2022-04-22T08:47:46","slug":"rodo","status":"publish","type":"page","link":"https:\/\/bpostrow.pl\/en\/rodo\/","title":{"rendered":"GDPR"},"content":{"rendered":"\n<p>Przyjmuj\u0119 do wiadomo\u015bci, \u017ce:<br>1. Administratorem, zobowi\u0105zanym do zapewnienia, aby przetwarzanie moich danych osobowych odbywa\u0142o si\u0119 zgodnie z przepisami jest \u2026\u2026\u2026\u2026.;<\/p>\n\n\n\n<ol class=\"wp-block-list\"><li>Administrator powo\u0142a\u0142 inspektora ochrony danych, z kt\u00f3rym mo\u017cna si\u0119 skontaktowa\u0107 poprzez&nbsp;adres e-mail: \u2026\u2026\u2026\u2026.;<\/li><li>\u201eMoje dane przetwarzane s\u0105 w nast\u0119puj\u0105cych celach zwi\u0105zanych z rejestracj\u0105 na portalu \u2026\u2026\u2026\u2026\u2026\u2026..: za\u0142o\u017cenie konta, korzystanie z e-us\u0142ug takich jak: zapisy na praktyki, propozycje zakupu, wypo\u017cyczenia wystaw, rozpatrywanie skarg i wniosk\u00f3w, zg\u0142oszenie publikacji w czasopi\u015bmie, zapisy na wydarzenia, zapisy na lekcje biblioteczne, kszta\u0142cenie na odleg\u0142o\u015b\u0107, wideokonferencje, otrzymywanie powiadomie\u0144 mailowych zwi\u0105zanych obs\u0142ug\u0105&nbsp;e-us\u0142ug, otrzymywanie powiadomie\u0144 zwi\u0105zanych z realizacj\u0105&nbsp;e-us\u0142ug.\u201d<\/li><li>Moje dane mog\u0105 zosta\u0107 udost\u0119pnione podmiotom, z kt\u00f3rymi Biblioteka zawar\u0142a stosowne umowy&nbsp;powierzenia przetwarzania danych osobowych. Ponadto, przyjmuj\u0119 do wiadomo\u015bci, \u017ce:<\/li><\/ol>\n\n\n\n<ul class=\"wp-block-list\"><li>Moje dane b\u0119d\u0105 przechowywane&nbsp;przez okres wa\u017cno\u015bci konta U\u017cytkownika (minimum 3 lata) lub do czasu wycofania zgody, wniesienia sprzeciwu,&nbsp;\u017c\u0105dania usuni\u0119cia danych. Zako\u0144czenie tego okresu nast\u0105pi w terminie 7 dni od wycofania zgody na przetwarzanie danych osobowych poprzez klikni\u0119cie w przycisk ,,usu\u0144 konto\u2019\u2019. Po usuni\u0119ciu konta, dane zostan\u0105 zanonimizowane, a czynno\u015b\u0107 usuni\u0119cia&nbsp;konta odnotowana w systemie.<\/li><li>Mam prawo do \u017c\u0105dania od administratora dost\u0119pu do moich danych osobowych, ich&nbsp;sprostowania,&nbsp;usuni\u0119cia lub ograniczenia przetwarzania lub prawo do wniesienia sprzeciwu wobec przetwarzania, a&nbsp;tak\u017ce prawo do przenoszenia danych. Zdaj\u0119 sobie jednak spraw\u0119, \u017ce moje uprawnienia mog\u0105 by\u0107 ograniczone przez szczeg\u00f3lny przepis prawa;<\/li><li>Mam prawo do cofni\u0119cia&nbsp;zgody&nbsp;(wycofanie zgody mo\u017cliwe jest po zalogowaniu w systemie \u2013&nbsp;w opcji&nbsp;Moje konto), stanowi\u0105cej podstaw\u0119 prawn\u0105 przetwarzania, w dowolnym momencie bez wp\u0142ywu na zgodno\u015b\u0107 z prawem przetwarzania, kt\u00f3rego dokonano na podstawie zgody przed jej cofni\u0119ciem;<\/li><li>&nbsp;Mam prawo wniesienia skargi do Prezesa Urz\u0119du Ochrony Danych Osobowych.<\/li><li>Podanie danych osobowych jest warunkiem dost\u0119pu do znajduj\u0105cych si\u0119 w serwisie&nbsp;e-us\u0142ug. Podstaw\u0105 przetwarzania moich danych osobowych jest udzielona zgoda.<\/li><li>Moje dane nie b\u0119d\u0105&nbsp;poddawane zautomatyzowanemu podejmowaniu decyzji.<\/li><li>Moje dane nie b\u0119d\u0105 poddane profilowaniu, czyli ocenie niekt\u00f3rych czynnik\u00f3w osobowych.<\/li><\/ul>\n","protected":false},"excerpt":{"rendered":"<p>Przyjmuj\u0119 do wiadomo\u015bci, \u017ce:1. Administratorem, zobowi\u0105zanym do zapewnienia, aby przetwarzanie moich danych osobowych odbywa\u0142o si\u0119 zgodnie z przepisami jest \u2026\u2026\u2026\u2026.; [&hellip;]<\/p>\n","protected":false},"author":12,"featured_media":0,"parent":0,"menu_order":0,"comment_status":"closed","ping_status":"closed","template":"","meta":{"_acf_changed":false,"_oasis_is_in_workflow":0,"_oasis_original":0,"inline_featured_image":false,"site-sidebar-layout":"default","site-content-layout":"default","ast-site-content-layout":"default","site-content-style":"default","site-sidebar-style":"default","ast-global-header-display":"","ast-banner-title-visibility":"","ast-main-header-display":"","ast-hfb-above-header-display":"","ast-hfb-below-header-display":"","ast-hfb-mobile-header-display":"","site-post-title":"","ast-breadcrumbs-content":"","ast-featured-img":"","footer-sml-layout":"","ast-disable-related-posts":"","theme-transparent-header-meta":"default","adv-header-id-meta":"","stick-header-meta":"","header-above-stick-meta":"","header-main-stick-meta":"","header-below-stick-meta":"","astra-migrate-meta-layouts":"default","ast-page-background-enabled":"default","ast-page-background-meta":{"desktop":{"background-color":"","background-image":"","background-repeat":"repeat","background-position":"center center","background-size":"auto","background-attachment":"scroll","background-type":"","background-media":"","overlay-type":"","overlay-color":"","overlay-opacity":"","overlay-gradient":""},"tablet":{"background-color":"","background-image":"","background-repeat":"repeat","background-position":"center center","background-size":"auto","background-attachment":"scroll","background-type":"","background-media":"","overlay-type":"","overlay-color":"","overlay-opacity":"","overlay-gradient":""},"mobile":{"background-color":"","background-image":"","background-repeat":"repeat","background-position":"center center","background-size":"auto","background-attachment":"scroll","background-type":"","background-media":"","overlay-type":"","overlay-color":"","overlay-opacity":"","overlay-gradient":""}},"ast-content-background-meta":{"desktop":{"background-color":"var(--ast-global-color-5)","background-image":"","background-repeat":"repeat","background-position":"center center","background-size":"auto","background-attachment":"scroll","background-type":"","background-media":"","overlay-type":"","overlay-color":"","overlay-opacity":"","overlay-gradient":""},"tablet":{"background-color":"var(--ast-global-color-5)","background-image":"","background-repeat":"repeat","background-position":"center center","background-size":"auto","background-attachment":"scroll","background-type":"","background-media":"","overlay-type":"","overlay-color":"","overlay-opacity":"","overlay-gradient":""},"mobile":{"background-color":"var(--ast-global-color-5)","background-image":"","background-repeat":"repeat","background-position":"center center","background-size":"auto","background-attachment":"scroll","background-type":"","background-media":"","overlay-type":"","overlay-color":"","overlay-opacity":"","overlay-gradient":""}},"_themeisle_gutenberg_block_has_review":false,"footnotes":""},"class_list":["post-18947","page","type-page","status-publish","hentry"],"acf":[],"featured_image_urls_v2":{"full":"","thumbnail":"","medium":"","medium_large":"","large":"","1536x1536":"","2048x2048":"","menu-24x24":"","menu-36x36":"","menu-48x48":"","mailpoet_newsletter_max":""},"post_excerpt_stackable_v2":"<p>Przyjmuj\u0119 do wiadomo\u015bci, \u017ce:1. Administratorem, zobowi\u0105zanym do zapewnienia, aby przetwarzanie moich danych osobowych odbywa\u0142o si\u0119 zgodnie z przepisami jest \u2026\u2026\u2026\u2026.; Administrator powo\u0142a\u0142 inspektora ochrony danych, z kt\u00f3rym mo\u017cna si\u0119 skontaktowa\u0107 poprzez&nbsp;adres e-mail: \u2026\u2026\u2026\u2026.;\u201eMoje dane przetwarzane s\u0105 w nast\u0119puj\u0105cych celach zwi\u0105zanych z rejestracj\u0105 na portalu \u2026\u2026\u2026\u2026\u2026\u2026..: za\u0142o\u017cenie konta, korzystanie z e-us\u0142ug takich jak: zapisy na praktyki, propozycje zakupu, wypo\u017cyczenia wystaw, rozpatrywanie skarg i wniosk\u00f3w, zg\u0142oszenie publikacji w czasopi\u015bmie, zapisy na wydarzenia, zapisy na lekcje biblioteczne, kszta\u0142cenie na odleg\u0142o\u015b\u0107, wideokonferencje, otrzymywanie powiadomie\u0144 mailowych zwi\u0105zanych obs\u0142ug\u0105&nbsp;e-us\u0142ug, otrzymywanie powiadomie\u0144 zwi\u0105zanych z realizacj\u0105&nbsp;e-us\u0142ug.\u201dMoje dane mog\u0105 zosta\u0107 udost\u0119pnione podmiotom, z kt\u00f3rymi Biblioteka zawar\u0142a stosowne umowy&nbsp;powierzenia przetwarzania&hellip;<\/p>\n","category_list_v2":"","author_info_v2":{"name":"ktadaszak","url":"https:\/\/bpostrow.pl\/en\/author\/ktadaszak\/"},"comments_num_v2":"0 comments","_links":{"self":[{"href":"https:\/\/bpostrow.pl\/en\/wp-json\/wp\/v2\/pages\/18947","targetHints":{"allow":["GET"]}}],"collection":[{"href":"https:\/\/bpostrow.pl\/en\/wp-json\/wp\/v2\/pages"}],"about":[{"href":"https:\/\/bpostrow.pl\/en\/wp-json\/wp\/v2\/types\/page"}],"author":[{"embeddable":true,"href":"https:\/\/bpostrow.pl\/en\/wp-json\/wp\/v2\/users\/12"}],"replies":[{"embeddable":true,"href":"https:\/\/bpostrow.pl\/en\/wp-json\/wp\/v2\/comments?post=18947"}],"version-history":[{"count":4,"href":"https:\/\/bpostrow.pl\/en\/wp-json\/wp\/v2\/pages\/18947\/revisions"}],"predecessor-version":[{"id":21241,"href":"https:\/\/bpostrow.pl\/en\/wp-json\/wp\/v2\/pages\/18947\/revisions\/21241"}],"wp:attachment":[{"href":"https:\/\/bpostrow.pl\/en\/wp-json\/wp\/v2\/media?parent=18947"}],"curies":[{"name":"wp","href":"https:\/\/api.w.org\/{rel}","templated":true}]}}