{"id":21716,"date":"2022-06-30T16:00:58","date_gmt":"2022-06-30T14:00:58","guid":{"rendered":"https:\/\/bpostrow.pl\/mapa-strony\/"},"modified":"2024-05-13T13:01:39","modified_gmt":"2024-05-13T11:01:39","slug":"mapa-strony","status":"publish","type":"page","link":"https:\/\/bpostrow.pl\/en\/mapa-strony\/","title":{"rendered":"Sitemap"},"content":{"rendered":"<ul class=\"wp-block-page-list\"><li class=\"wp-block-pages-list__item\"><a class=\"wp-block-pages-list__item__link\" href=\"https:\/\/bpostrow.pl\/en\/accessibility-declaration\/\">Accessibility declaration<\/a><\/li><li class=\"wp-block-pages-list__item\"><a class=\"wp-block-pages-list__item__link\" href=\"https:\/\/bpostrow.pl\/en\/bezpieczenstwo-w-internecie-odpowiednie-korzystanie-z-mediow-spolecznosciowych\/\">Bezpiecze\u0144stwo w internecie. Odpowiednie korzystanie z medi\u00f3w spo\u0142eczno\u015bciowych<\/a><\/li><li class=\"wp-block-pages-list__item\"><a class=\"wp-block-pages-list__item__link\" href=\"https:\/\/bpostrow.pl\/en\/bibliografie-osobowe\/\">Bibliografie osobowe<\/a><\/li><li class=\"wp-block-pages-list__item\"><a class=\"wp-block-pages-list__item__link\" href=\"https:\/\/bpostrow.pl\/en\/biblioteka-szkolna\/\">Biblioteka szkolna<\/a><\/li><li class=\"wp-block-pages-list__item\"><a class=\"wp-block-pages-list__item__link\" href=\"https:\/\/bpostrow.pl\/en\/bibliotekarstwo-czytelnictwo\/\">Bibliotekarstwo. Czytelnictwo<\/a><\/li><li class=\"wp-block-pages-list__item\"><a class=\"wp-block-pages-list__item__link\" href=\"https:\/\/bpostrow.pl\/en\/biblioterapia\/\">Biblioterapia<\/a><\/li><li class=\"wp-block-pages-list__item\"><a class=\"wp-block-pages-list__item__link\" href=\"https:\/\/bpostrow.pl\/en\/biuletyn-zbiorow-multimedialnych\/\">Biuletyn zbior\u00f3w multimedialnych<\/a><\/li><li class=\"wp-block-pages-list__item\"><a class=\"wp-block-pages-list__item__link\" href=\"https:\/\/bpostrow.pl\/en\/kontakt\/\">Contact<\/a><\/li><li class=\"wp-block-pages-list__item\"><a class=\"wp-block-pages-list__item__link\" href=\"https:\/\/bpostrow.pl\/en\/czasopisma\/\">Czasopisma<\/a><\/li><li class=\"wp-block-pages-list__item\"><a class=\"wp-block-pages-list__item__link\" href=\"https:\/\/bpostrow.pl\/en\/dzialy-2\/\">Dzia\u0142y<\/a><\/li><li class=\"wp-block-pages-list__item\"><a class=\"wp-block-pages-list__item__link\" href=\"https:\/\/bpostrow.pl\/en\/filie\/\">Filie<\/a><\/li><li class=\"wp-block-pages-list__item\"><a class=\"wp-block-pages-list__item__link\" href=\"https:\/\/bpostrow.pl\/en\/rodo\/\">GDPR<\/a><\/li><li class=\"wp-block-pages-list__item\"><a class=\"wp-block-pages-list__item__link\" href=\"https:\/\/bpostrow.pl\/en\/inne\/\">Inne<\/a><\/li><li class=\"wp-block-pages-list__item\"><a class=\"wp-block-pages-list__item__link\" href=\"https:\/\/bpostrow.pl\/en\/kierunki-realizacji-polityki-oswiatowej-panstwa-2021-2022\/\">Kierunki realizacji Polityki O\u015bwiatowej Pa\u0144stwa 2021\/2022<\/a><\/li><li class=\"wp-block-pages-list__item\"><a class=\"wp-block-pages-list__item__link\" href=\"https:\/\/bpostrow.pl\/en\/klauzula-informacyjna\/\">Klauzula informacyjna<\/a><\/li><li class=\"wp-block-pages-list__item\"><a class=\"wp-block-pages-list__item__link\" href=\"https:\/\/bpostrow.pl\/en\/libra\/\">Libra<\/a><\/li><li class=\"wp-block-pages-list__item\"><a class=\"wp-block-pages-list__item__link\" href=\"https:\/\/bpostrow.pl\/en\/log-in\/\">Log in<\/a><\/li><li class=\"wp-block-pages-list__item\"><a class=\"wp-block-pages-list__item__link\" href=\"https:\/\/bpostrow.pl\/en\/materialy-repertuarowe\/\">Materia\u0142y repertuarowe<\/a><\/li><li class=\"wp-block-pages-list__item\"><a class=\"wp-block-pages-list__item__link\" href=\"https:\/\/bpostrow.pl\/en\/metodyka-nauczania-poszczegolnych-przedmiotow-nauczania-2\/\">Metodyka nauczania poszczeg\u00f3lnych przedmiot\u00f3w nauczania<\/a><\/li><li class=\"wp-block-pages-list__item\"><a class=\"wp-block-pages-list__item__link\" href=\"https:\/\/bpostrow.pl\/en\/aktualnosci\/\">News<\/a><\/li><li class=\"wp-block-pages-list__item\"><a class=\"wp-block-pages-list__item__link\" href=\"https:\/\/bpostrow.pl\/en\/newsletter-regulations\/\">Newsletter regulations<\/a><\/li><li class=\"wp-block-pages-list__item\"><a class=\"wp-block-pages-list__item__link\" href=\"https:\/\/bpostrow.pl\/en\/ochrona-danych-osobowych\/\">Ochrona Danych Osobowych<\/a><\/li><li class=\"wp-block-pages-list__item\"><a class=\"wp-block-pages-list__item__link\" href=\"https:\/\/bpostrow.pl\/en\/ochrona-danych-osobowych-w-bibliotece-pedagogicznej-w-ostrolece\/\">Ochrona danych osobowych w Bibliotece Pedagogicznej w Ostro\u0142\u0119ce<\/a><\/li><li class=\"wp-block-pages-list__item\"><a class=\"wp-block-pages-list__item__link\" href=\"https:\/\/bpostrow.pl\/en\/patologia-spoleczna-agresja-uzaleznienie-przemoc\/\">Patologia spo\u0142eczna. Agresja. Uzaleznienie. Przemoc<\/a><\/li><li class=\"wp-block-pages-list__item\"><a class=\"wp-block-pages-list__item__link\" href=\"https:\/\/bpostrow.pl\/en\/pedagogika-szkolnictwo-oswiata-wychowanie\/\">Pedagogika. Szkolnictwo. O\u015bwiata. Wychowanie.<\/a><\/li><li class=\"wp-block-pages-list__item\"><a class=\"wp-block-pages-list__item__link\" href=\"https:\/\/bpostrow.pl\/en\/podniesienie-jakosci-edukacji-matematycznej-przyrodniczej-i-informatycznej\/\">Podniesienie jako\u015bci edukacji matematycznej, przyrodniczej i informatycznej<\/a><\/li><li class=\"wp-block-pages-list__item\"><a class=\"wp-block-pages-list__item__link\" href=\"https:\/\/bpostrow.pl\/en\/podnoszenie-jakosci-edukacji-wlaczajacej-w-szkolach-i-placowkach-systemu-oswiaty\/\">Podnoszenie jako\u015bci edukacji w\u0142\u0105czaj\u0105cej w szko\u0142ach i plac\u00f3wkach systemu o\u015bwiaty.<\/a><\/li><li class=\"wp-block-pages-list__item\"><a class=\"wp-block-pages-list__item__link\" href=\"https:\/\/bpostrow.pl\/en\/podstawowe-kierunki-realizacji-polityki-oswiatowej-panstwa-w-roku-szkolnym-2021-2022\/\">Podstawowe kierunki realizacji polityki o\u015bwiatowej pa\u0144stwa w roku szkolnym 2021\/2022<\/a><\/li><li class=\"wp-block-pages-list__item\"><a class=\"wp-block-pages-list__item__link\" href=\"https:\/\/bpostrow.pl\/en\/potwierdzenie-realizacji\/\">Potwierdzenie realizacji<\/a><\/li><li class=\"wp-block-pages-list__item\"><a class=\"wp-block-pages-list__item__link\" href=\"https:\/\/bpostrow.pl\/en\/privacy-policy\/\">Privacy policy<\/a><\/li><li class=\"wp-block-pages-list__item\"><a class=\"wp-block-pages-list__item__link\" href=\"https:\/\/bpostrow.pl\/en\/procedura-covid-19\/\">Procedura COVID 19<\/a><\/li><li class=\"wp-block-pages-list__item\"><a class=\"wp-block-pages-list__item__link\" href=\"https:\/\/bpostrow.pl\/en\/propozycje-zakupu\/\">Propozycje zakupu<\/a><\/li><li class=\"wp-block-pages-list__item\"><a class=\"wp-block-pages-list__item__link\" href=\"https:\/\/bpostrow.pl\/en\/psychologia\/\">Psychologia<\/a><\/li><li class=\"wp-block-pages-list__item\"><a class=\"wp-block-pages-list__item__link\" href=\"https:\/\/bpostrow.pl\/en\/register\/\">Register<\/a><\/li><li class=\"wp-block-pages-list__item\"><a class=\"wp-block-pages-list__item__link\" href=\"https:\/\/bpostrow.pl\/en\/regulaminy\/\">Regulaminy<\/a><\/li><li class=\"wp-block-pages-list__item\"><a class=\"wp-block-pages-list__item__link\" href=\"https:\/\/bpostrow.pl\/en\/mapa-strony\/\">Sitemap<\/a><\/li><li class=\"wp-block-pages-list__item\"><a class=\"wp-block-pages-list__item__link\" href=\"https:\/\/bpostrow.pl\/en\/socjologia\/\">Socjologia<\/a><\/li><li class=\"wp-block-pages-list__item\"><a class=\"wp-block-pages-list__item__link\" href=\"https:\/\/bpostrow.pl\/en\/sprawdz\/\">Sprawd\u017a<\/a><\/li><li class=\"wp-block-pages-list__item\"><a class=\"wp-block-pages-list__item__link\" href=\"https:\/\/bpostrow.pl\/en\/strona-glowna-2\/\">Strona g\u0142\u00f3wna<\/a><\/li><li class=\"wp-block-pages-list__item menu-item-home\"><a class=\"wp-block-pages-list__item__link\" href=\"https:\/\/bpostrow.pl\/en\/\">Strona g\u0142\u00f3wna<\/a><\/li><li class=\"wp-block-pages-list__item\"><a class=\"wp-block-pages-list__item__link\" href=\"https:\/\/bpostrow.pl\/en\/strona-kursow\/\">Strona kurs\u00f3w<\/a><\/li><li class=\"wp-block-pages-list__item\"><a class=\"wp-block-pages-list__item__link\" href=\"https:\/\/bpostrow.pl\/en\/tematyczne-zestawienia-zbiorow-specjalnych\/\">Tematyczne zestawienia zbior\u00f3w specjalnych<\/a><\/li><li class=\"wp-block-pages-list__item has-child\"><a class=\"wp-block-pages-list__item__link\" href=\"https:\/\/bpostrow.pl\/en\/profil-uzytkownika\/\">User profile<\/a><ul class=\"wp-block-navigation__submenu-container\"><li class=\"wp-block-pages-list__item \"><a class=\"wp-block-pages-list__item__link\" href=\"https:\/\/bpostrow.pl\/en\/profil-uzytkownika\/moje-artykuly\/\">My Articles<\/a><\/li><li class=\"wp-block-pages-list__item \"><a class=\"wp-block-pages-list__item__link\" href=\"https:\/\/bpostrow.pl\/en\/profil-uzytkownika\/moje-skargi-i-wnioski\/\">My complaints and requests<\/a><\/li><li class=\"wp-block-pages-list__item \"><a class=\"wp-block-pages-list__item__link\" href=\"https:\/\/bpostrow.pl\/en\/profil-uzytkownika\/my-consents\/\">My consents<\/a><\/li><li class=\"wp-block-pages-list__item \"><a class=\"wp-block-pages-list__item__link\" href=\"https:\/\/bpostrow.pl\/en\/profil-uzytkownika\/my-courses\/\">My courses<\/a><\/li><li class=\"wp-block-pages-list__item \"><a class=\"wp-block-pages-list__item__link\" href=\"https:\/\/bpostrow.pl\/en\/profil-uzytkownika\/my-errors\/\">My errors<\/a><\/li><li class=\"wp-block-pages-list__item \"><a class=\"wp-block-pages-list__item__link\" href=\"https:\/\/bpostrow.pl\/en\/profil-uzytkownika\/moje-wydarzenia\/\">My events<\/a><\/li><li class=\"wp-block-pages-list__item \"><a class=\"wp-block-pages-list__item__link\" href=\"https:\/\/bpostrow.pl\/en\/profil-uzytkownika\/moje-wystawy\/\">My exhibitions<\/a><\/li><li class=\"wp-block-pages-list__item \"><a class=\"wp-block-pages-list__item__link\" href=\"https:\/\/bpostrow.pl\/en\/profil-uzytkownika\/moje-zapytania\/\">My Inquiries<\/a><\/li><li class=\"wp-block-pages-list__item \"><a class=\"wp-block-pages-list__item__link\" href=\"https:\/\/bpostrow.pl\/en\/profil-uzytkownika\/moje-lekcje-biblioteczne\/\">My library lessons<\/a><\/li><li class=\"wp-block-pages-list__item \"><a class=\"wp-block-pages-list__item__link\" href=\"https:\/\/bpostrow.pl\/en\/profil-uzytkownika\/moje-zestawienia\/\">My library lists<\/a><\/li><li class=\"wp-block-pages-list__item \"><a class=\"wp-block-pages-list__item__link\" href=\"https:\/\/bpostrow.pl\/en\/profil-uzytkownika\/my-news\/\">My news<\/a><\/li><li class=\"wp-block-pages-list__item \"><a class=\"wp-block-pages-list__item__link\" href=\"https:\/\/bpostrow.pl\/en\/profil-uzytkownika\/moje-praktyki\/\">My practices<\/a><\/li><li class=\"wp-block-pages-list__item has-child \"><a class=\"wp-block-pages-list__item__link\" href=\"https:\/\/bpostrow.pl\/en\/profil-uzytkownika\/moj-profil\/\">My profile<\/a><ul class=\"wp-block-navigation__submenu-container\"><li class=\"wp-block-pages-list__item \"><a class=\"wp-block-pages-list__item__link\" href=\"https:\/\/bpostrow.pl\/en\/profil-uzytkownika\/moj-profil\/edytuj-profil\/\">Edit profile<\/a><\/li><\/ul><\/li><li class=\"wp-block-pages-list__item \"><a class=\"wp-block-pages-list__item__link\" href=\"https:\/\/bpostrow.pl\/en\/profil-uzytkownika\/moje-propozycje-zakupu\/\">My purchase suggestions<\/a><\/li><li class=\"wp-block-pages-list__item \"><a class=\"wp-block-pages-list__item__link\" href=\"https:\/\/bpostrow.pl\/en\/profil-uzytkownika\/moje-skany\/\">My scans<\/a><\/li><li class=\"wp-block-pages-list__item \"><a class=\"wp-block-pages-list__item__link\" href=\"https:\/\/bpostrow.pl\/en\/profil-uzytkownika\/my-videoconferences\/\">My videoconferences<\/a><\/li><\/ul><\/li><li class=\"wp-block-pages-list__item\"><a class=\"wp-block-pages-list__item__link\" href=\"https:\/\/bpostrow.pl\/en\/uslugi\/\">Us\u0142ugi<\/a><\/li><li class=\"wp-block-pages-list__item\"><a class=\"wp-block-pages-list__item__link\" href=\"https:\/\/bpostrow.pl\/en\/wspomnienia\/\">Wspomnienia<\/a><\/li><li class=\"wp-block-pages-list__item\"><a class=\"wp-block-pages-list__item__link\" href=\"https:\/\/bpostrow.pl\/en\/wydarzenia\/\">Wydarzenia<\/a><\/li><li class=\"wp-block-pages-list__item\"><a class=\"wp-block-pages-list__item__link\" href=\"https:\/\/bpostrow.pl\/en\/zasob-czasopism\/\">Zas\u00f3b czasopism biblioteki<\/a><\/li><li class=\"wp-block-pages-list__item\"><a class=\"wp-block-pages-list__item__link\" href=\"https:\/\/bpostrow.pl\/en\/zgoda-na-otrzymywanie-wiadomosci-zwiazanych-z-wydarzeniami-i-wideokonferencjami\/\">Zgoda na otrzymywanie wiadomo\u015bci zwi\u0105zanych z wydarzeniami i wideokonferencjami<\/a><\/li><\/ul>","protected":false},"excerpt":{"rendered":"","protected":false},"author":112,"featured_media":0,"parent":0,"menu_order":0,"comment_status":"closed","ping_status":"closed","template":"","meta":{"_acf_changed":false,"_oasis_is_in_workflow":0,"_oasis_original":0,"inline_featured_image":false,"site-sidebar-layout":"default","site-content-layout":"","ast-site-content-layout":"default","site-content-style":"default","site-sidebar-style":"default","ast-global-header-display":"","ast-banner-title-visibility":"","ast-main-header-display":"","ast-hfb-above-header-display":"","ast-hfb-below-header-display":"","ast-hfb-mobile-header-display":"","site-post-title":"","ast-breadcrumbs-content":"","ast-featured-img":"","footer-sml-layout":"","ast-disable-related-posts":"","theme-transparent-header-meta":"","adv-header-id-meta":"","stick-header-meta":"","header-above-stick-meta":"","header-main-stick-meta":"","header-below-stick-meta":"","astra-migrate-meta-layouts":"set","ast-page-background-enabled":"default","ast-page-background-meta":{"desktop":{"background-color":"","background-image":"","background-repeat":"repeat","background-position":"center center","background-size":"auto","background-attachment":"scroll","background-type":"","background-media":"","overlay-type":"","overlay-color":"","overlay-opacity":"","overlay-gradient":""},"tablet":{"background-color":"","background-image":"","background-repeat":"repeat","background-position":"center center","background-size":"auto","background-attachment":"scroll","background-type":"","background-media":"","overlay-type":"","overlay-color":"","overlay-opacity":"","overlay-gradient":""},"mobile":{"background-color":"","background-image":"","background-repeat":"repeat","background-position":"center center","background-size":"auto","background-attachment":"scroll","background-type":"","background-media":"","overlay-type":"","overlay-color":"","overlay-opacity":"","overlay-gradient":""}},"ast-content-background-meta":{"desktop":{"background-color":"var(--ast-global-color-5)","background-image":"","background-repeat":"repeat","background-position":"center center","background-size":"auto","background-attachment":"scroll","background-type":"","background-media":"","overlay-type":"","overlay-color":"","overlay-opacity":"","overlay-gradient":""},"tablet":{"background-color":"var(--ast-global-color-5)","background-image":"","background-repeat":"repeat","background-position":"center center","background-size":"auto","background-attachment":"scroll","background-type":"","background-media":"","overlay-type":"","overlay-color":"","overlay-opacity":"","overlay-gradient":""},"mobile":{"background-color":"var(--ast-global-color-5)","background-image":"","background-repeat":"repeat","background-position":"center center","background-size":"auto","background-attachment":"scroll","background-type":"","background-media":"","overlay-type":"","overlay-color":"","overlay-opacity":"","overlay-gradient":""}},"_themeisle_gutenberg_block_has_review":false,"footnotes":""},"class_list":["post-21716","page","type-page","status-publish","hentry"],"acf":[],"featured_image_urls_v2":{"full":"","thumbnail":"","medium":"","medium_large":"","large":"","1536x1536":"","2048x2048":"","menu-24x24":"","menu-36x36":"","menu-48x48":"","mailpoet_newsletter_max":""},"post_excerpt_stackable_v2":"<p>Accessibility declarationBezpiecze\u0144stwo w internecie. Odpowiednie korzystanie z medi\u00f3w spo\u0142eczno\u015bciowychBibliografie osoboweBiblioteka szkolnaBibliotekarstwo. CzytelnictwoBiblioterapiaBiuletyn zbior\u00f3w multimedialnychContactCzasopismaDzia\u0142yFilieGDPRInneKierunki realizacji Polityki O\u015bwiatowej Pa\u0144stwa 2021\/2022Klauzula informacyjnaLibraLog inMateria\u0142y repertuaroweMetodyka nauczania poszczeg\u00f3lnych przedmiot\u00f3w nauczaniaNewsNewsletter regulationsOchrona Danych OsobowychOchrona danych osobowych w Bibliotece Pedagogicznej w Ostro\u0142\u0119cePatologia spo\u0142eczna. Agresja. Uzaleznienie. PrzemocPedagogika. Szkolnictwo. O\u015bwiata. Wychowanie.Podniesienie jako\u015bci edukacji matematycznej, przyrodniczej i informatycznejPodnoszenie jako\u015bci edukacji w\u0142\u0105czaj\u0105cej w szko\u0142ach i plac\u00f3wkach systemu o\u015bwiaty.Podstawowe kierunki realizacji polityki o\u015bwiatowej pa\u0144stwa w roku szkolnym 2021\/2022Potwierdzenie realizacjiPrivacy policyProcedura COVID 19Propozycje zakupuPsychologiaRegisterRegulaminySitemapSocjologiaSprawd\u017aStrona g\u0142\u00f3wnaStrona g\u0142\u00f3wnaStrona kurs\u00f3wTematyczne zestawienia zbior\u00f3w specjalnychUser profileMy ArticlesMy complaints and requestsMy consentsMy coursesMy errorsMy eventsMy exhibitionsMy InquiriesMy library lessonsMy library listsMy newsMy practicesMy profileEdit profileMy purchase suggestionsMy scansMy&hellip;<\/p>\n","category_list_v2":"","author_info_v2":{"name":"Martyna Zalewska","url":"https:\/\/bpostrow.pl\/en\/author\/mprzygodzka\/"},"comments_num_v2":"0 comments","_links":{"self":[{"href":"https:\/\/bpostrow.pl\/en\/wp-json\/wp\/v2\/pages\/21716","targetHints":{"allow":["GET"]}}],"collection":[{"href":"https:\/\/bpostrow.pl\/en\/wp-json\/wp\/v2\/pages"}],"about":[{"href":"https:\/\/bpostrow.pl\/en\/wp-json\/wp\/v2\/types\/page"}],"author":[{"embeddable":true,"href":"https:\/\/bpostrow.pl\/en\/wp-json\/wp\/v2\/users\/112"}],"replies":[{"embeddable":true,"href":"https:\/\/bpostrow.pl\/en\/wp-json\/wp\/v2\/comments?post=21716"}],"version-history":[{"count":3,"href":"https:\/\/bpostrow.pl\/en\/wp-json\/wp\/v2\/pages\/21716\/revisions"}],"predecessor-version":[{"id":26098,"href":"https:\/\/bpostrow.pl\/en\/wp-json\/wp\/v2\/pages\/21716\/revisions\/26098"}],"wp:attachment":[{"href":"https:\/\/bpostrow.pl\/en\/wp-json\/wp\/v2\/media?parent=21716"}],"curies":[{"name":"wp","href":"https:\/\/api.w.org\/{rel}","templated":true}]}}