{"id":15051,"date":"2021-12-06T22:02:30","date_gmt":"2021-12-06T21:02:30","guid":{"rendered":"https:\/\/ostrow-mazowiecki.bpm.wrotamazowsza.pl\/?page_id=15051"},"modified":"2021-12-06T22:11:20","modified_gmt":"2021-12-06T21:11:20","slug":"biuletyn-zbiorow-multimedialnych","status":"publish","type":"page","link":"https:\/\/bpostrow.pl\/ru\/biuletyn-zbiorow-multimedialnych\/","title":{"rendered":"Biuletyn zbior\u00f3w multimedialnych"},"content":{"rendered":"\n<div class=\"wp-block-file\"><a href=\"https:\/\/ostrow-mazowiecki.bpm.wrotamazowsza.pl\/wp-content\/uploads\/sites\/39\/2021\/12\/ADAPTACJE-LEKTUR-FILMY.pdf\" target=\"_blank\" rel=\"noopener\">Adaptacje lektur &#8212; filmy<\/a><a href=\"https:\/\/ostrow-mazowiecki.bpm.wrotamazowsza.pl\/wp-content\/uploads\/sites\/39\/2021\/12\/ADAPTACJE-LEKTUR-FILMY.pdf\" class=\"wp-block-file__button\" download target=\"_blank\" rel=\"noopener\">Pobierz<\/a><\/div>\n\n\n\n<div class=\"wp-block-file\"><a href=\"https:\/\/ostrow-mazowiecki.bpm.wrotamazowsza.pl\/wp-content\/uploads\/sites\/39\/2021\/12\/AUDIOBOOKI.pdf\" target=\"_blank\" rel=\"noopener\">Audiobooki z lekturami szkolnymi<\/a><a href=\"https:\/\/ostrow-mazowiecki.bpm.wrotamazowsza.pl\/wp-content\/uploads\/sites\/39\/2021\/12\/AUDIOBOOKI.pdf\" class=\"wp-block-file__button\" download target=\"_blank\" rel=\"noopener\">Pobierz<\/a><\/div>\n\n\n\n<div class=\"wp-block-file\"><a href=\"https:\/\/ostrow-mazowiecki.bpm.wrotamazowsza.pl\/wp-content\/uploads\/sites\/39\/2021\/12\/BiuletynJPII.pdf\" target=\"_blank\" rel=\"noopener\">Biuletyn Jan Pawe\u0142 II w zbiorach DZS BP w Ostro\u0142\u0119ce<\/a><a href=\"https:\/\/ostrow-mazowiecki.bpm.wrotamazowsza.pl\/wp-content\/uploads\/sites\/39\/2021\/12\/BiuletynJPII.pdf\" class=\"wp-block-file__button\" download target=\"_blank\" rel=\"noopener\">Pobierz<\/a><\/div>\n\n\n\n<div class=\"wp-block-file\"><a href=\"https:\/\/ostrow-mazowiecki.bpm.wrotamazowsza.pl\/wp-content\/uploads\/sites\/39\/2021\/12\/Biuletynelektroniczny1materialy.pdf\" target=\"_blank\" rel=\"noopener\"><a href=\"http:\/\/www.bp.ostroleka.pl\/pdf\/Biuletynelektroniczny1materialy.pdf\" target=\"_blank\" rel=\"noreferrer noopener\">Edukacyjne materia\u0142y multimedialne dla przedszkoli i klas I-III<\/a><\/a><a href=\"https:\/\/ostrow-mazowiecki.bpm.wrotamazowsza.pl\/wp-content\/uploads\/sites\/39\/2021\/12\/Biuletynelektroniczny1materialy.pdf\" class=\"wp-block-file__button\" download target=\"_blank\" rel=\"noopener\">Pobierz<\/a><\/div>\n\n\n\n<div class=\"wp-block-file\"><a href=\"https:\/\/ostrow-mazowiecki.bpm.wrotamazowsza.pl\/wp-content\/uploads\/sites\/39\/2021\/12\/Biuletynelektroniczny2filmy.pdf\" target=\"_blank\" rel=\"noopener\"><a href=\"http:\/\/www.bp.ostroleka.pl\/pdf\/Biuletynelektroniczny2filmy.pdf\" target=\"_blank\" rel=\"noreferrer noopener\">Filmy edukacyjne dla przedszkoli i klas I-III<\/a><\/a><a href=\"https:\/\/ostrow-mazowiecki.bpm.wrotamazowsza.pl\/wp-content\/uploads\/sites\/39\/2021\/12\/Biuletynelektroniczny2filmy.pdf\" class=\"wp-block-file__button\" download target=\"_blank\" rel=\"noopener\">Pobierz<\/a><\/div>\n\n\n\n<div class=\"wp-block-file\"><a href=\"https:\/\/ostrow-mazowiecki.bpm.wrotamazowsza.pl\/wp-content\/uploads\/sites\/39\/2021\/12\/GryedukacyjneDZS.pdf\" target=\"_blank\" rel=\"noopener\"><a href=\"http:\/\/www.bp.ostroleka.pl\/pdf\/GryedukacyjneDZS.pdf\" target=\"_blank\" rel=\"noreferrer noopener\">Gry edukacyjne w Zbiorach Specjalnych Biblioteki Pedagogicznej w Ostro\u0142\u0119ce<\/a><\/a><a href=\"https:\/\/ostrow-mazowiecki.bpm.wrotamazowsza.pl\/wp-content\/uploads\/sites\/39\/2021\/12\/GryedukacyjneDZS.pdf\" class=\"wp-block-file__button\" download target=\"_blank\" rel=\"noopener\">Pobierz<\/a><\/div>\n\n\n\n<div class=\"wp-block-file\"><a href=\"https:\/\/ostrow-mazowiecki.bpm.wrotamazowsza.pl\/wp-content\/uploads\/sites\/39\/2021\/12\/Gryedukacyjne.pdf\" target=\"_blank\" rel=\"noopener\"><a href=\"http:\/\/www.bp.ostroleka.pl\/pdf\/DZS\/Gryedukacyjne.pdf\" target=\"_blank\" rel=\"noreferrer noopener\">Gry edukacyjne w Zbiorach Specjalnych Biblioteki Pedagogicznej w Ostro\u0142\u0119ce 2<\/a><\/a><a href=\"https:\/\/ostrow-mazowiecki.bpm.wrotamazowsza.pl\/wp-content\/uploads\/sites\/39\/2021\/12\/Gryedukacyjne.pdf\" class=\"wp-block-file__button\" download target=\"_blank\" rel=\"noopener\">Pobierz<\/a><\/div>\n\n\n\n<div class=\"wp-block-file\"><a href=\"https:\/\/ostrow-mazowiecki.bpm.wrotamazowsza.pl\/wp-content\/uploads\/sites\/39\/2021\/12\/BIULETYN-GRY-EDUKACYJNE-3.pdf\" target=\"_blank\" rel=\"noopener\"><a href=\"http:\/\/www.bp.ostroleka.pl\/pdf\/DZS\/BIULETYN%20GRY%20EDUKACYJNE%203.pdf\" target=\"_blank\" rel=\"noreferrer noopener\">Gry edukacyjne w Zbiorach Specjalnych Biblioteki Pedagogicznej w Ostro\u0142\u0119ce 3<\/a><\/a><a href=\"https:\/\/ostrow-mazowiecki.bpm.wrotamazowsza.pl\/wp-content\/uploads\/sites\/39\/2021\/12\/BIULETYN-GRY-EDUKACYJNE-3.pdf\" class=\"wp-block-file__button\" download target=\"_blank\" rel=\"noopener\">Pobierz<\/a><\/div>\n\n\n\n<div class=\"wp-block-file\"><a href=\"https:\/\/ostrow-mazowiecki.bpm.wrotamazowsza.pl\/wp-content\/uploads\/sites\/39\/2021\/12\/historiafd.pdf\" target=\"_blank\" rel=\"noopener\"><a href=\"http:\/\/www.bp.ostroleka.pl\/pdf\/historiafd.pdf\" target=\"_blank\" rel=\"noreferrer noopener\">Historia \u2013 filmy dokumentalne<\/a><\/a><a href=\"https:\/\/ostrow-mazowiecki.bpm.wrotamazowsza.pl\/wp-content\/uploads\/sites\/39\/2021\/12\/historiafd.pdf\" class=\"wp-block-file__button\" download target=\"_blank\" rel=\"noopener\">Pobierz<\/a><\/div>\n\n\n\n<div class=\"wp-block-file\"><a href=\"https:\/\/ostrow-mazowiecki.bpm.wrotamazowsza.pl\/wp-content\/uploads\/sites\/39\/2021\/12\/historiaff.pdf\" target=\"_blank\" rel=\"noopener\"><a href=\"http:\/\/www.bp.ostroleka.pl\/pdf\/historiafd.pdf\" target=\"_blank\" rel=\"noreferrer noopener\">Historia \u2013 filmy fabularne<\/a><\/a><a href=\"https:\/\/ostrow-mazowiecki.bpm.wrotamazowsza.pl\/wp-content\/uploads\/sites\/39\/2021\/12\/historiaff.pdf\" class=\"wp-block-file__button\" download target=\"_blank\" rel=\"noopener\">Pobierz<\/a><\/div>\n\n\n\n<div class=\"wp-block-file\"><a href=\"https:\/\/ostrow-mazowiecki.bpm.wrotamazowsza.pl\/wp-content\/uploads\/sites\/39\/2021\/12\/historia.pdf\" target=\"_blank\" rel=\"noopener\"><a href=\"http:\/\/www.bp.ostroleka.pl\/pdf\/historia.pdf\" target=\"_blank\" rel=\"noreferrer noopener\">Historia \u2013 materia\u0142y do s\u0142uchania<\/a><\/a><a href=\"https:\/\/ostrow-mazowiecki.bpm.wrotamazowsza.pl\/wp-content\/uploads\/sites\/39\/2021\/12\/historia.pdf\" class=\"wp-block-file__button\" download target=\"_blank\" rel=\"noopener\">Pobierz<\/a><\/div>\n\n\n\n<div class=\"wp-block-file\"><a href=\"https:\/\/ostrow-mazowiecki.bpm.wrotamazowsza.pl\/wp-content\/uploads\/sites\/39\/2021\/12\/O-Literaturze.pdf\" target=\"_blank\" rel=\"noopener\">O literaturze<\/a><a href=\"https:\/\/ostrow-mazowiecki.bpm.wrotamazowsza.pl\/wp-content\/uploads\/sites\/39\/2021\/12\/O-Literaturze.pdf\" class=\"wp-block-file__button\" download target=\"_blank\" rel=\"noopener\">Pobierz<\/a><\/div>\n\n\n\n<div class=\"wp-block-file\"><a href=\"https:\/\/ostrow-mazowiecki.bpm.wrotamazowsza.pl\/wp-content\/uploads\/sites\/39\/2021\/12\/Rodzinaachrodzina.pdf\" target=\"_blank\" rel=\"noopener\"><a href=\"http:\/\/www.bp.ostroleka.pl\/pdf\/DZS\/Rodzinaachrodzina.pdf\" target=\"_blank\" rel=\"noreferrer noopener\">Rodzina, ach rodzina \u2013 filmy familijne \u2013 BIULETYN DZS<\/a><\/a><a href=\"https:\/\/ostrow-mazowiecki.bpm.wrotamazowsza.pl\/wp-content\/uploads\/sites\/39\/2021\/12\/Rodzinaachrodzina.pdf\" class=\"wp-block-file__button\" download target=\"_blank\" rel=\"noopener\">Pobierz<\/a><\/div>\n\n\n\n<div class=\"wp-block-file\"><a href=\"https:\/\/ostrow-mazowiecki.bpm.wrotamazowsza.pl\/wp-content\/uploads\/sites\/39\/2021\/12\/Sport-w-filmie.pdf\" target=\"_blank\" rel=\"noopener\"><a href=\"http:\/\/www.bp.ostroleka.pl\/pdf\/Sport%20w%20filmie.pdf\" target=\"_blank\" rel=\"noreferrer noopener\">Sport w Filmie<\/a><\/a><a href=\"https:\/\/ostrow-mazowiecki.bpm.wrotamazowsza.pl\/wp-content\/uploads\/sites\/39\/2021\/12\/Sport-w-filmie.pdf\" class=\"wp-block-file__button\" download target=\"_blank\" rel=\"noopener\">Pobierz<\/a><\/div>\n\n\n\n<div class=\"wp-block-file\"><a href=\"https:\/\/ostrow-mazowiecki.bpm.wrotamazowsza.pl\/wp-content\/uploads\/sites\/39\/2021\/12\/sztuka.pdf\" target=\"_blank\" rel=\"noopener\">Sztuka<\/a><a href=\"https:\/\/ostrow-mazowiecki.bpm.wrotamazowsza.pl\/wp-content\/uploads\/sites\/39\/2021\/12\/sztuka.pdf\" class=\"wp-block-file__button\" download target=\"_blank\" rel=\"noopener\">Pobierz<\/a><\/div>\n\n\n\n<div class=\"wp-block-file\"><a href=\"https:\/\/ostrow-mazowiecki.bpm.wrotamazowsza.pl\/wp-content\/uploads\/sites\/39\/2021\/12\/Wiezyczywiezi.pdf\" target=\"_blank\" rel=\"noopener\"><a href=\"http:\/\/www.bp.ostroleka.pl\/pdf\/W%20zdrowym%20ciele%20zdrowy%20duch.pdf\" target=\"_blank\" rel=\"noreferrer noopener\">W<\/a>i\u0119zy czy wi\u0119zi<\/a><a href=\"https:\/\/ostrow-mazowiecki.bpm.wrotamazowsza.pl\/wp-content\/uploads\/sites\/39\/2021\/12\/Wiezyczywiezi.pdf\" class=\"wp-block-file__button\" download target=\"_blank\" rel=\"noopener\">Pobierz<\/a><\/div>\n\n\n\n<div class=\"wp-block-file\"><a href=\"https:\/\/ostrow-mazowiecki.bpm.wrotamazowsza.pl\/wp-content\/uploads\/sites\/39\/2021\/12\/W-zdrowym-ciele-zdrowy-duch.pdf\" target=\"_blank\" rel=\"noopener\">W zdrowym ciele zdrowy duch<\/a><a href=\"https:\/\/ostrow-mazowiecki.bpm.wrotamazowsza.pl\/wp-content\/uploads\/sites\/39\/2021\/12\/W-zdrowym-ciele-zdrowy-duch.pdf\" class=\"wp-block-file__button\" download target=\"_blank\" rel=\"noopener\">Pobierz<\/a><\/div>\n\n\n\n<div class=\"wp-block-file\"><a href=\"https:\/\/ostrow-mazowiecki.bpm.wrotamazowsza.pl\/wp-content\/uploads\/sites\/39\/2021\/12\/Zagrozenia.pdf\" target=\"_blank\" rel=\"noopener\">\u00a0<a href=\"http:\/\/www.bp.ostroleka.pl\/pdf\/DZS\/Zagrozenia.pdf\" target=\"_blank\" rel=\"noreferrer noopener\">Zagro\u017cenia Wsp\u00f3\u0142czesnego \u015awiata<\/a>\u00a0<a href=\"https:\/\/ostrow-mazowiecki.bpm.wrotamazowsza.pl\/wp-content\/uploads\/sites\/39\/2021\/12\/Zagrozenia.pdf\" target=\"_blank\" rel=\"noopener\">\u2013 zasoby multimedialne Biblioteki Pedagogicznej w Ostro\u0142\u0119ce \u2013 stycze\u0144 2020<\/a><\/a><a href=\"https:\/\/ostrow-mazowiecki.bpm.wrotamazowsza.pl\/wp-content\/uploads\/sites\/39\/2021\/12\/Zagrozenia.pdf\" class=\"wp-block-file__button\" download target=\"_blank\" rel=\"noopener\">Pobierz<\/a><\/div>\n","protected":false},"excerpt":{"rendered":"","protected":false},"author":10,"featured_media":0,"parent":0,"menu_order":0,"comment_status":"closed","ping_status":"closed","template":"","meta":{"_acf_changed":false,"_oasis_is_in_workflow":0,"_oasis_original":0,"inline_featured_image":false,"site-sidebar-layout":"default","site-content-layout":"","ast-site-content-layout":"default","site-content-style":"default","site-sidebar-style":"default","ast-global-header-display":"","ast-banner-title-visibility":"","ast-main-header-display":"","ast-hfb-above-header-display":"","ast-hfb-below-header-display":"","ast-hfb-mobile-header-display":"","site-post-title":"","ast-breadcrumbs-content":"","ast-featured-img":"","footer-sml-layout":"","ast-disable-related-posts":"","theme-transparent-header-meta":"","adv-header-id-meta":"","stick-header-meta":"","header-above-stick-meta":"","header-main-stick-meta":"","header-below-stick-meta":"","astra-migrate-meta-layouts":"default","ast-page-background-enabled":"default","ast-page-background-meta":{"desktop":{"background-color":"","background-image":"","background-repeat":"repeat","background-position":"center center","background-size":"auto","background-attachment":"scroll","background-type":"","background-media":"","overlay-type":"","overlay-color":"","overlay-opacity":"","overlay-gradient":""},"tablet":{"background-color":"","background-image":"","background-repeat":"repeat","background-position":"center center","background-size":"auto","background-attachment":"scroll","background-type":"","background-media":"","overlay-type":"","overlay-color":"","overlay-opacity":"","overlay-gradient":""},"mobile":{"background-color":"","background-image":"","background-repeat":"repeat","background-position":"center center","background-size":"auto","background-attachment":"scroll","background-type":"","background-media":"","overlay-type":"","overlay-color":"","overlay-opacity":"","overlay-gradient":""}},"ast-content-background-meta":{"desktop":{"background-color":"var(--ast-global-color-5)","background-image":"","background-repeat":"repeat","background-position":"center center","background-size":"auto","background-attachment":"scroll","background-type":"","background-media":"","overlay-type":"","overlay-color":"","overlay-opacity":"","overlay-gradient":""},"tablet":{"background-color":"var(--ast-global-color-5)","background-image":"","background-repeat":"repeat","background-position":"center center","background-size":"auto","background-attachment":"scroll","background-type":"","background-media":"","overlay-type":"","overlay-color":"","overlay-opacity":"","overlay-gradient":""},"mobile":{"background-color":"var(--ast-global-color-5)","background-image":"","background-repeat":"repeat","background-position":"center center","background-size":"auto","background-attachment":"scroll","background-type":"","background-media":"","overlay-type":"","overlay-color":"","overlay-opacity":"","overlay-gradient":""}},"_themeisle_gutenberg_block_has_review":false,"footnotes":""},"class_list":["post-15051","page","type-page","status-publish","hentry"],"acf":[],"featured_image_urls_v2":{"full":"","thumbnail":"","medium":"","medium_large":"","large":"","1536x1536":"","2048x2048":"","menu-24x24":"","menu-36x36":"","menu-48x48":"","mailpoet_newsletter_max":""},"post_excerpt_stackable_v2":"<p>Adaptacje lektur &#8212; filmyPobierz Audiobooki z lekturami szkolnymiPobierz Biuletyn Jan Pawe\u0142 II w zbiorach DZS BP w Ostro\u0142\u0119cePobierz Edukacyjne materia\u0142y multimedialne dla przedszkoli i klas I-IIIPobierz Filmy edukacyjne dla przedszkoli i klas I-IIIPobierz Gry edukacyjne w Zbiorach Specjalnych Biblioteki Pedagogicznej w Ostro\u0142\u0119cePobierz Gry edukacyjne w Zbiorach Specjalnych Biblioteki Pedagogicznej w Ostro\u0142\u0119ce 2Pobierz Gry edukacyjne w Zbiorach Specjalnych Biblioteki Pedagogicznej w Ostro\u0142\u0119ce 3Pobierz Historia \u2013 filmy dokumentalnePobierz Historia \u2013 filmy fabularnePobierz Historia \u2013 materia\u0142y do s\u0142uchaniaPobierz O literaturzePobierz Rodzina, ach rodzina \u2013 filmy familijne \u2013 BIULETYN DZSPobierz Sport w FilmiePobierz SztukaPobierz Wi\u0119zy czy wi\u0119ziPobierz W zdrowym ciele zdrowy duchPobierz \u00a0Zagro\u017cenia Wsp\u00f3\u0142czesnego&hellip;<\/p>\n","category_list_v2":"","author_info_v2":{"name":"bWdyemVnb3Jjenlr","url":"https:\/\/bpostrow.pl\/ru\/author\/bwdyemvnb3jjenlr\/"},"comments_num_v2":"0 \u043a\u043e\u043c\u043c\u0435\u043d\u0442\u0430\u0440\u0438\u0435\u0432","_links":{"self":[{"href":"https:\/\/bpostrow.pl\/ru\/wp-json\/wp\/v2\/pages\/15051","targetHints":{"allow":["GET"]}}],"collection":[{"href":"https:\/\/bpostrow.pl\/ru\/wp-json\/wp\/v2\/pages"}],"about":[{"href":"https:\/\/bpostrow.pl\/ru\/wp-json\/wp\/v2\/types\/page"}],"author":[{"embeddable":true,"href":"https:\/\/bpostrow.pl\/ru\/wp-json\/wp\/v2\/users\/10"}],"replies":[{"embeddable":true,"href":"https:\/\/bpostrow.pl\/ru\/wp-json\/wp\/v2\/comments?post=15051"}],"version-history":[{"count":4,"href":"https:\/\/bpostrow.pl\/ru\/wp-json\/wp\/v2\/pages\/15051\/revisions"}],"predecessor-version":[{"id":15110,"href":"https:\/\/bpostrow.pl\/ru\/wp-json\/wp\/v2\/pages\/15051\/revisions\/15110"}],"wp:attachment":[{"href":"https:\/\/bpostrow.pl\/ru\/wp-json\/wp\/v2\/media?parent=15051"}],"curies":[{"name":"wp","href":"https:\/\/api.w.org\/{rel}","templated":true}]}}