{"id":17945,"date":"2022-01-14T15:17:41","date_gmt":"2022-01-14T14:17:41","guid":{"rendered":"https:\/\/ostrow-mazowiecki.bpm.wrotamazowsza.pl\/biblioterapia\/"},"modified":"2022-02-03T14:23:26","modified_gmt":"2022-02-03T13:23:26","slug":"biblioterapia","status":"publish","type":"page","link":"https:\/\/bpostrow.pl\/ru\/biblioterapia\/","title":{"rendered":"Biblioterapia"},"content":{"rendered":"\n<p><strong>LISTA TYTU\u0141\u00d3W CZASOPISM AKTUALNIE PRENUMEROWANYCH<\/strong><\/p>\n\n\n\n<ol class=\"wp-block-list\" type=\"1\"><li>Biblioteka w Szkole<\/li><li>Dyrektor Szko\u0142y<\/li><li>G\u0142os Nauczycielski<\/li><li>G\u0142os Pedagogiczny<\/li><li>J\u0119zyk Polski w Szkole Podstawowej<\/li><li>J\u0119zyk Polski w Szkole Ponadpodstawowej<\/li><li>Niepe\u0142nosprawno\u015b\u0107 i Rehabilitacja<\/li><li>Poradnik Bibliotekarza<\/li><li>Praca Socjalna<\/li><li>Problemy Opieku\u0144czo-Wychowawcze<\/li><li>Szko\u0142a Specjalna<\/li><li>Terapia Uzale\u017cnienia\u00a0i Wsp\u00f3\u0142uzale\u017cnienie<\/li><li>Tygodnik Ostro\u0142\u0119cki<\/li><li>Wychowanie w Przedszkolu<\/li><li>Wychowawca<\/li><li>\u017bycie Szko\u0142y<\/li><\/ol>\n\n\n\n<p><strong>Na pro\u015bb\u0119 czytelnik\u00f3w Biblioteka Pedagogiczna w Ostrowi Maz. udost\u0119pnia<\/strong> <strong>skany artyku\u0142\u00f3w z czasopism dost\u0119pnych w Bibliotece Pedagogicznej w Ostro\u0142\u0119ce\u00a0<\/strong><\/p>\n\n\n\n<p><strong>LISTA TYTU\u0141\u00d3W CZASOPISM AKTUALNIE PRENUMEROWANYCH W BP W OSTRO\u0141\u0118CE<\/strong><\/p>\n\n\n\n<div class=\"wp-block-columns is-layout-flex wp-container-core-columns-is-layout-28f84493 wp-block-columns-is-layout-flex\">\n<div class=\"wp-block-column is-layout-flow wp-block-column-is-layout-flow\">\n<ul class=\"wp-block-list\"><li>Aktualno\u015bci Kadrowe Plus<\/li><li>Aura<\/li><li>Biblioteka w Szkole<\/li><li>Bibliotekarz<\/li><li>Biblioterapeuta<\/li><li>Biologia w Szkole<\/li><li>Charaktery<\/li><li>Chemia w Szkole<\/li><li>Chowanna<\/li><li>Dialog<\/li><li>Dyrektor Szko\u0142y<\/li><li>Dzieje Najnowsze<\/li><li>Dziennik Gazeta Prawna<\/li><li>Edukacja<\/li><li>Edukacja i Dialog<\/li><li>Edukacja Ustawiczna Doros\u0142ych<\/li><li>Edukacja Wczesnoszkolna<\/li><li>Fizyka w Szkole<\/li><li>Gazeta Wyborcza<\/li><li>Geografia w Szkole<\/li><li>G\u0142os Nauczycielski<\/li><li>G\u0142os Pedagogiczny<\/li><li>Guliwer<\/li><li>J\u0119zyk Polski<\/li><li>J\u0119zyk Polski w Szkole Podstawowej<\/li><li>J\u0119zyk Polski w Gimnazjum<\/li><li>J\u0119zyk Polski w Szkole Ponadpodstawowej<\/li><li>Kwartalnik Historyczny<\/li><li>Kwartalnik Pedagogiczny<\/li><li>Literatura na \u015awiecie<\/li><li>Magazyn Trenera<\/li><li>Matematyka<\/li><li>Monitor Dyrektora Przedszkola<\/li><li>Monitor&nbsp; Dyrektora Szko\u0142y<\/li><li>M\u00f3wi\u0105 Wieki<\/li><li>Niebieska Linia<\/li><li>Niepe\u0142nosprawno\u015b\u0107 i Rehabilitacja<\/li><li>Nowa Szko\u0142a<\/li><li>Nowe Ksi\u0105\u017cki<\/li><\/ul>\n<\/div>\n\n\n\n<div class=\"wp-block-column is-layout-flow wp-block-column-is-layout-flow\">\n<ul class=\"wp-block-list\"><li>Pami\u0119tnik Literacki<\/li><li>Pa\u0144stwo i Prawo<\/li><li>Pedagogika Spo\u0142eczna<\/li><li>Polityka<\/li><li>Polonistyka<\/li><li>Poradnik Bibliotekarza<\/li><li>Poradnik J\u0119zykowy<\/li><li>Praca Socjalna<\/li><li>Problemy Opieku\u0144czo-Wychowawcze<\/li><li>Przegl\u0105d Biblioteczny<\/li><li>Przegl\u0105d Historyczno-O\u015bwiatowy<\/li><li>Przegl\u0105d Historyczny<\/li><li>Przegl\u0105d Humanistyczny<\/li><li>Przyroda Polska<\/li><li>Rachunkowo\u015b\u0107 Bud\u017cetowa<\/li><li>Remedium<\/li><li>Ruch Pedagogiczny<\/li><li>Rzeczpospolita<\/li><li>Sprawy Mi\u0119dzynarodowe<\/li><li>Szko\u0142a Specjalna<\/li><li>\u015awiat Nauki<\/li><li>\u015awietlica w Szkole<\/li><li>TIK w Edukacji<\/li><li>Tw\u00f3rczo\u015b\u0107<\/li><li>Tygodnik Ostro\u0142\u0119cki<\/li><li>Tygodnik Powszechny<\/li><li>Wiadomo\u015bci Historyczne<\/li><li>Wiedza i \u017bycie<\/li><li>Wprost<\/li><li>Wychowanie Fizyczne i Sport<\/li><li>Wychowanie Fizyczne i Zdrowotne<\/li><li>Wychowanie Muzyczne<\/li><li>Wychowanie na Co Dzie\u0144<\/li><li>Wychowanie w Przedszkolu<\/li><li>Wychowawca<\/li><li>Zagadnienia Informacji Naukowej<\/li><li>Zeszyty Literackie<\/li><li>Znak<\/li><li>\u017bycie Szko\u0142y<\/li><\/ul>\n<\/div>\n<\/div>\n\n\n\n<p><\/p>\n","protected":false},"excerpt":{"rendered":"<p>LISTA TYTU\u0141\u00d3W CZASOPISM AKTUALNIE PRENUMEROWANYCH Biblioteka w Szkole Dyrektor Szko\u0142y G\u0142os Nauczycielski G\u0142os Pedagogiczny J\u0119zyk Polski w Szkole Podstawowej J\u0119zyk [&hellip;]<\/p>\n","protected":false},"author":205,"featured_media":0,"parent":0,"menu_order":0,"comment_status":"closed","ping_status":"closed","template":"","meta":{"_acf_changed":false,"_oasis_is_in_workflow":0,"_oasis_original":0,"inline_featured_image":false,"site-sidebar-layout":"default","site-content-layout":"","ast-site-content-layout":"default","site-content-style":"default","site-sidebar-style":"default","ast-global-header-display":"","ast-banner-title-visibility":"","ast-main-header-display":"","ast-hfb-above-header-display":"","ast-hfb-below-header-display":"","ast-hfb-mobile-header-display":"","site-post-title":"","ast-breadcrumbs-content":"","ast-featured-img":"","footer-sml-layout":"","ast-disable-related-posts":"","theme-transparent-header-meta":"","adv-header-id-meta":"","stick-header-meta":"","header-above-stick-meta":"","header-main-stick-meta":"","header-below-stick-meta":"","astra-migrate-meta-layouts":"default","ast-page-background-enabled":"default","ast-page-background-meta":{"desktop":{"background-color":"","background-image":"","background-repeat":"repeat","background-position":"center center","background-size":"auto","background-attachment":"scroll","background-type":"","background-media":"","overlay-type":"","overlay-color":"","overlay-opacity":"","overlay-gradient":""},"tablet":{"background-color":"","background-image":"","background-repeat":"repeat","background-position":"center center","background-size":"auto","background-attachment":"scroll","background-type":"","background-media":"","overlay-type":"","overlay-color":"","overlay-opacity":"","overlay-gradient":""},"mobile":{"background-color":"","background-image":"","background-repeat":"repeat","background-position":"center center","background-size":"auto","background-attachment":"scroll","background-type":"","background-media":"","overlay-type":"","overlay-color":"","overlay-opacity":"","overlay-gradient":""}},"ast-content-background-meta":{"desktop":{"background-color":"var(--ast-global-color-5)","background-image":"","background-repeat":"repeat","background-position":"center center","background-size":"auto","background-attachment":"scroll","background-type":"","background-media":"","overlay-type":"","overlay-color":"","overlay-opacity":"","overlay-gradient":""},"tablet":{"background-color":"var(--ast-global-color-5)","background-image":"","background-repeat":"repeat","background-position":"center center","background-size":"auto","background-attachment":"scroll","background-type":"","background-media":"","overlay-type":"","overlay-color":"","overlay-opacity":"","overlay-gradient":""},"mobile":{"background-color":"var(--ast-global-color-5)","background-image":"","background-repeat":"repeat","background-position":"center center","background-size":"auto","background-attachment":"scroll","background-type":"","background-media":"","overlay-type":"","overlay-color":"","overlay-opacity":"","overlay-gradient":""}},"_themeisle_gutenberg_block_has_review":false,"footnotes":""},"class_list":["post-17945","page","type-page","status-publish","hentry"],"acf":[],"featured_image_urls_v2":{"full":"","thumbnail":"","medium":"","medium_large":"","large":"","1536x1536":"","2048x2048":"","menu-24x24":"","menu-36x36":"","menu-48x48":"","mailpoet_newsletter_max":""},"post_excerpt_stackable_v2":"<p>LISTA TYTU\u0141\u00d3W CZASOPISM AKTUALNIE PRENUMEROWANYCH Biblioteka w SzkoleDyrektor Szko\u0142yG\u0142os NauczycielskiG\u0142os PedagogicznyJ\u0119zyk Polski w Szkole PodstawowejJ\u0119zyk Polski w Szkole PonadpodstawowejNiepe\u0142nosprawno\u015b\u0107 i RehabilitacjaPoradnik BibliotekarzaPraca SocjalnaProblemy Opieku\u0144czo-WychowawczeSzko\u0142a SpecjalnaTerapia Uzale\u017cnienia\u00a0i Wsp\u00f3\u0142uzale\u017cnienieTygodnik Ostro\u0142\u0119ckiWychowanie w PrzedszkoluWychowawca\u017bycie Szko\u0142y Na pro\u015bb\u0119 czytelnik\u00f3w Biblioteka Pedagogiczna w Ostrowi Maz. udost\u0119pnia skany artyku\u0142\u00f3w z czasopism dost\u0119pnych w Bibliotece Pedagogicznej w Ostro\u0142\u0119ce\u00a0 LISTA TYTU\u0141\u00d3W CZASOPISM AKTUALNIE PRENUMEROWANYCH W BP W OSTRO\u0141\u0118CE Aktualno\u015bci Kadrowe PlusAuraBiblioteka w SzkoleBibliotekarzBiblioterapeutaBiologia w SzkoleCharakteryChemia w SzkoleChowannaDialogDyrektor Szko\u0142yDzieje NajnowszeDziennik Gazeta PrawnaEdukacjaEdukacja i DialogEdukacja Ustawiczna Doros\u0142ychEdukacja WczesnoszkolnaFizyka w SzkoleGazeta WyborczaGeografia w SzkoleG\u0142os NauczycielskiG\u0142os PedagogicznyGuliwerJ\u0119zyk PolskiJ\u0119zyk Polski w Szkole PodstawowejJ\u0119zyk Polski w GimnazjumJ\u0119zyk Polski w Szkole PonadpodstawowejKwartalnik HistorycznyKwartalnik PedagogicznyLiteratura na \u015awiecieMagazyn&hellip;<\/p>\n","category_list_v2":"","author_info_v2":{"name":"c2FicmFtZWs=","url":"https:\/\/bpostrow.pl\/ru\/author\/c2ficmftzws-2\/"},"comments_num_v2":"0 \u043a\u043e\u043c\u043c\u0435\u043d\u0442\u0430\u0440\u0438\u0435\u0432","_links":{"self":[{"href":"https:\/\/bpostrow.pl\/ru\/wp-json\/wp\/v2\/pages\/17945","targetHints":{"allow":["GET"]}}],"collection":[{"href":"https:\/\/bpostrow.pl\/ru\/wp-json\/wp\/v2\/pages"}],"about":[{"href":"https:\/\/bpostrow.pl\/ru\/wp-json\/wp\/v2\/types\/page"}],"author":[{"embeddable":true,"href":"https:\/\/bpostrow.pl\/ru\/wp-json\/wp\/v2\/users\/205"}],"replies":[{"embeddable":true,"href":"https:\/\/bpostrow.pl\/ru\/wp-json\/wp\/v2\/comments?post=17945"}],"version-history":[{"count":1,"href":"https:\/\/bpostrow.pl\/ru\/wp-json\/wp\/v2\/pages\/17945\/revisions"}],"predecessor-version":[{"id":18736,"href":"https:\/\/bpostrow.pl\/ru\/wp-json\/wp\/v2\/pages\/17945\/revisions\/18736"}],"wp:attachment":[{"href":"https:\/\/bpostrow.pl\/ru\/wp-json\/wp\/v2\/media?parent=17945"}],"curies":[{"name":"wp","href":"https:\/\/api.w.org\/{rel}","templated":true}]}}