{"id":17973,"date":"2022-01-15T18:07:24","date_gmt":"2022-01-15T17:07:24","guid":{"rendered":"https:\/\/ostrow-mazowiecki.bpm.wrotamazowsza.pl\/wdrazanie-nowej-podstawy-programowej-ksztalcenia-ogolnego\/"},"modified":"2022-02-23T16:38:06","modified_gmt":"2022-02-23T15:38:06","slug":"wdrazanie-nowej-podstawy-programowej-ksztalcenia-ogolnego","status":"publish","type":"page","link":"https:\/\/bpostrow.pl\/ru\/wdrazanie-nowej-podstawy-programowej-ksztalcenia-ogolnego\/","title":{"rendered":"Wdra\u017canie nowej podstawy programowej kszta\u0142cenia og\u00f3lnego"},"content":{"rendered":"\n<p><em>Ksi\u0105\u017cki\u00a0 ze zbior\u00f3w BP w Ostro\u0142\u0119ce pomocne w realizacji tego kierunku (wyb\u00f3r)<\/em><\/p>\n\n\n\n<div class=\"wp-block-columns is-layout-flex wp-container-core-columns-is-layout-28f84493 wp-block-columns-is-layout-flex\">\n<div class=\"wp-block-column is-layout-flow wp-block-column-is-layout-flow\" style=\"flex-basis:33.33%\">\n<div class=\"wp-block-image\"><figure class=\"aligncenter size-full\"><img loading=\"lazy\" decoding=\"async\" width=\"64\" height=\"90\" src=\"https:\/\/ostrow-mazowiecki.bpm.wrotamazowsza.pl\/wp-content\/uploads\/sites\/39\/2022\/01\/Przechwytywanie.jpg\" alt=\"\" class=\"wp-image-18133\" srcset=\"https:\/\/bpostrow.pl\/wp-content\/uploads\/sites\/39\/2022\/01\/Przechwytywanie.jpg 64w, https:\/\/bpostrow.pl\/wp-content\/uploads\/sites\/39\/2022\/01\/Przechwytywanie-17x24.jpg 17w, https:\/\/bpostrow.pl\/wp-content\/uploads\/sites\/39\/2022\/01\/Przechwytywanie-26x36.jpg 26w, https:\/\/bpostrow.pl\/wp-content\/uploads\/sites\/39\/2022\/01\/Przechwytywanie-34x48.jpg 34w\" sizes=\"auto, (max-width: 64px) 100vw, 64px\" \/><\/figure><\/div>\n\n\n\n<div class=\"wp-block-image\"><figure class=\"aligncenter size-full\"><img loading=\"lazy\" decoding=\"async\" width=\"65\" height=\"94\" src=\"https:\/\/ostrow-mazowiecki.bpm.wrotamazowsza.pl\/wp-content\/uploads\/sites\/39\/2022\/01\/PrzechwytywanieKK.jpg\" alt=\"\" class=\"wp-image-18136\" srcset=\"https:\/\/bpostrow.pl\/wp-content\/uploads\/sites\/39\/2022\/01\/PrzechwytywanieKK.jpg 65w, https:\/\/bpostrow.pl\/wp-content\/uploads\/sites\/39\/2022\/01\/PrzechwytywanieKK-17x24.jpg 17w, https:\/\/bpostrow.pl\/wp-content\/uploads\/sites\/39\/2022\/01\/PrzechwytywanieKK-25x36.jpg 25w, https:\/\/bpostrow.pl\/wp-content\/uploads\/sites\/39\/2022\/01\/PrzechwytywanieKK-33x48.jpg 33w\" sizes=\"auto, (max-width: 65px) 100vw, 65px\" \/><\/figure><\/div>\n<\/div>\n\n\n\n<div class=\"wp-block-column is-layout-flow wp-block-column-is-layout-flow\" style=\"flex-basis:66.66%\">\n<div style=\"height:2px\" aria-hidden=\"true\" class=\"wp-block-spacer\"><\/div>\n\n\n\n<p>Monitorowanie podstawy programowej kszta\u0142cenia og\u00f3lnego w praktyce szkolnej \/ Ma\u0142gorzata Lipska. \u2013 Warszawa : O\u015brodek Rozwoju Edukacji, [2015].\u00a0<strong>W 75033<\/strong><\/p>\n\n\n\n<div style=\"height:15px\" aria-hidden=\"true\" class=\"wp-block-spacer\"><\/div>\n\n\n\n<p>Monitorowanie wdra\u017cania podstawy programowej kszta\u0142cenia og\u00f3lnego na II, III, IV etapie edukacyjnym \/ Danuta Grzonkowska [et al.]. \u2013 Warszawa : O\u015brodek Rozwoju Edukacji, [2015].&nbsp;<strong>W 75029<\/strong><\/p>\n<\/div>\n<\/div>\n\n\n\n<p>Wi\u0119cej informacji dotycz\u0105cych danego zagadnienia dost\u0119pne na:\u00a0<a href=\"http:\/\/new.ore.edu.pl\/index.php\/ppko\/\" target=\"_blank\" rel=\"noreferrer noopener\">http:\/\/new.ore.edu.pl\/index.php\/ppko\/<\/a><\/p>\n","protected":false},"excerpt":{"rendered":"<p>Ksi\u0105\u017cki\u00a0 ze zbior\u00f3w BP w Ostro\u0142\u0119ce pomocne w realizacji tego kierunku (wyb\u00f3r) Monitorowanie podstawy programowej kszta\u0142cenia og\u00f3lnego w praktyce szkolnej [&hellip;]<\/p>\n","protected":false},"author":205,"featured_media":0,"parent":0,"menu_order":0,"comment_status":"closed","ping_status":"closed","template":"","meta":{"_acf_changed":false,"_oasis_is_in_workflow":0,"_oasis_original":0,"inline_featured_image":false,"site-sidebar-layout":"default","site-content-layout":"","ast-site-content-layout":"default","site-content-style":"default","site-sidebar-style":"default","ast-global-header-display":"","ast-banner-title-visibility":"","ast-main-header-display":"","ast-hfb-above-header-display":"","ast-hfb-below-header-display":"","ast-hfb-mobile-header-display":"","site-post-title":"","ast-breadcrumbs-content":"","ast-featured-img":"","footer-sml-layout":"","ast-disable-related-posts":"","theme-transparent-header-meta":"","adv-header-id-meta":"","stick-header-meta":"","header-above-stick-meta":"","header-main-stick-meta":"","header-below-stick-meta":"","astra-migrate-meta-layouts":"default","ast-page-background-enabled":"default","ast-page-background-meta":{"desktop":{"background-color":"","background-image":"","background-repeat":"repeat","background-position":"center center","background-size":"auto","background-attachment":"scroll","background-type":"","background-media":"","overlay-type":"","overlay-color":"","overlay-opacity":"","overlay-gradient":""},"tablet":{"background-color":"","background-image":"","background-repeat":"repeat","background-position":"center center","background-size":"auto","background-attachment":"scroll","background-type":"","background-media":"","overlay-type":"","overlay-color":"","overlay-opacity":"","overlay-gradient":""},"mobile":{"background-color":"","background-image":"","background-repeat":"repeat","background-position":"center center","background-size":"auto","background-attachment":"scroll","background-type":"","background-media":"","overlay-type":"","overlay-color":"","overlay-opacity":"","overlay-gradient":""}},"ast-content-background-meta":{"desktop":{"background-color":"var(--ast-global-color-5)","background-image":"","background-repeat":"repeat","background-position":"center center","background-size":"auto","background-attachment":"scroll","background-type":"","background-media":"","overlay-type":"","overlay-color":"","overlay-opacity":"","overlay-gradient":""},"tablet":{"background-color":"var(--ast-global-color-5)","background-image":"","background-repeat":"repeat","background-position":"center center","background-size":"auto","background-attachment":"scroll","background-type":"","background-media":"","overlay-type":"","overlay-color":"","overlay-opacity":"","overlay-gradient":""},"mobile":{"background-color":"var(--ast-global-color-5)","background-image":"","background-repeat":"repeat","background-position":"center center","background-size":"auto","background-attachment":"scroll","background-type":"","background-media":"","overlay-type":"","overlay-color":"","overlay-opacity":"","overlay-gradient":""}},"_themeisle_gutenberg_block_has_review":false,"footnotes":""},"class_list":["post-17973","page","type-page","status-publish","hentry"],"acf":[],"featured_image_urls_v2":{"full":"","thumbnail":"","medium":"","medium_large":"","large":"","1536x1536":"","2048x2048":"","menu-24x24":"","menu-36x36":"","menu-48x48":"","mailpoet_newsletter_max":""},"post_excerpt_stackable_v2":"<p>Ksi\u0105\u017cki\u00a0 ze zbior\u00f3w BP w Ostro\u0142\u0119ce pomocne w realizacji tego kierunku (wyb\u00f3r) Monitorowanie podstawy programowej kszta\u0142cenia og\u00f3lnego w praktyce szkolnej \/ Ma\u0142gorzata Lipska. \u2013 Warszawa : O\u015brodek Rozwoju Edukacji, [2015].\u00a0W 75033 Monitorowanie wdra\u017cania podstawy programowej kszta\u0142cenia og\u00f3lnego na II, III, IV etapie edukacyjnym \/ Danuta Grzonkowska [et al.]. \u2013 Warszawa : O\u015brodek Rozwoju Edukacji, [2015].&nbsp;W 75029 Wi\u0119cej informacji dotycz\u0105cych danego zagadnienia dost\u0119pne na:\u00a0http:\/\/new.ore.edu.pl\/index.php\/ppko\/<\/p>\n","category_list_v2":"","author_info_v2":{"name":"c2FicmFtZWs=","url":"https:\/\/bpostrow.pl\/ru\/author\/c2ficmftzws-2\/"},"comments_num_v2":"0 \u043a\u043e\u043c\u043c\u0435\u043d\u0442\u0430\u0440\u0438\u0435\u0432","_links":{"self":[{"href":"https:\/\/bpostrow.pl\/ru\/wp-json\/wp\/v2\/pages\/17973","targetHints":{"allow":["GET"]}}],"collection":[{"href":"https:\/\/bpostrow.pl\/ru\/wp-json\/wp\/v2\/pages"}],"about":[{"href":"https:\/\/bpostrow.pl\/ru\/wp-json\/wp\/v2\/types\/page"}],"author":[{"embeddable":true,"href":"https:\/\/bpostrow.pl\/ru\/wp-json\/wp\/v2\/users\/205"}],"replies":[{"embeddable":true,"href":"https:\/\/bpostrow.pl\/ru\/wp-json\/wp\/v2\/comments?post=17973"}],"version-history":[{"count":7,"href":"https:\/\/bpostrow.pl\/ru\/wp-json\/wp\/v2\/pages\/17973\/revisions"}],"predecessor-version":[{"id":18165,"href":"https:\/\/bpostrow.pl\/ru\/wp-json\/wp\/v2\/pages\/17973\/revisions\/18165"}],"wp:attachment":[{"href":"https:\/\/bpostrow.pl\/ru\/wp-json\/wp\/v2\/media?parent=17973"}],"curies":[{"name":"wp","href":"https:\/\/api.w.org\/{rel}","templated":true}]}}