{"id":17979,"date":"2022-01-15T18:24:21","date_gmt":"2022-01-15T17:24:21","guid":{"rendered":"https:\/\/ostrow-mazowiecki.bpm.wrotamazowsza.pl\/podnoszenie-jakosci-edukacji-wlaczajacej-w-szkolach-i-placowkach-systemu-oswiaty\/"},"modified":"2022-02-23T16:37:39","modified_gmt":"2022-02-23T15:37:39","slug":"podnoszenie-jakosci-edukacji-wlaczajacej-w-szkolach-i-placowkach-systemu-oswiaty","status":"publish","type":"page","link":"https:\/\/bpostrow.pl\/ru\/podnoszenie-jakosci-edukacji-wlaczajacej-w-szkolach-i-placowkach-systemu-oswiaty\/","title":{"rendered":"Podnoszenie jako\u015bci edukacji w\u0142\u0105czaj\u0105cej w szko\u0142ach i plac\u00f3wkach systemu o\u015bwiaty."},"content":{"rendered":"\n<details class=\"wp-block-stackable-accordion stk-block-accordion stk-inner-blocks stk-block-content stk-block stk-6a0ba75\" data-block-id=\"6a0ba75\">\n<summary class=\"wp-block-stackable-column stk--container-small stk-block-accordion__heading stk-block-column stk-column stk-block stk-b4e4e23\" data-block-id=\"b4e4e23\"><div class=\"stk-column-wrapper stk-block-column__content stk-container stk-b4e4e23-container stk-hover-parent\"><div class=\"stk-block-content stk-inner-blocks\">\n<div class=\"wp-block-stackable-icon-label stk-block-icon-label stk-block stk-c67ec68\" data-block-id=\"c67ec68\"><div class=\"stk-row stk-inner-blocks stk-block-content\">\n<div class=\"wp-block-stackable-heading stk-block-heading stk-block stk-b86c4b8\" data-block-id=\"b86c4b8\"><h4 class=\"stk-block-heading__text\"><strong>PODNOSZENIE JAKO\u015aCI EDUKACJI W\u0141\u0104CZAJ\u0104CEJ W SZKO\u0141ACH I PLAC\u00d3WKACH SYSTEMU O\u015aWIATY.<\/strong><br>Opublikowano 14 wrze\u015bnia 2017 o godzinie 14:16 autor\u00a0Artur Morawski<br><br><em>Ksi\u0105\u017cki dost\u0119pne w zbiorach Biblioteki Pedagogicznej (wyb\u00f3r).<\/em><\/h4><\/div>\n\n\n\n<div class=\"wp-block-stackable-icon stk-block-icon stk-block stk-f27ac3d\" data-block-id=\"f27ac3d\"><span class=\"stk--svg-wrapper\"><div class=\"stk--inner-svg\"><svg style=\"height:0;width:0\"><defs><linearGradient id=\"linear-gradient-f27ac3d\" x1=\"0\" x2=\"100%\" y1=\"0\" y2=\"0\"><stop offset=\"0%\" style=\"stop-opacity:1;stop-color:var(--linear-gradient-f-27-ac-3-d-color-1)\"><\/stop><stop offset=\"100%\" style=\"stop-opacity:1;stop-color:var(--linear-gradient-f-27-ac-3-d-color-2)\"><\/stop><\/linearGradient><\/defs><\/svg><svg data-prefix=\"fas\" data-icon=\"chevron-down\" class=\"svg-inline--fa fa-chevron-down fa-w-14\" xmlns=\"http:\/\/www.w3.org\/2000\/svg\" viewBox=\"0 0 448 512\" aria-hidden=\"true\" width=\"32\" height=\"32\"><path fill=\"currentColor\" d=\"M207.029 381.476L12.686 187.132c-9.373-9.373-9.373-24.569 0-33.941l22.667-22.667c9.357-9.357 24.522-9.375 33.901-.04L224 284.505l154.745-154.021c9.379-9.335 24.544-9.317 33.901.04l22.667 22.667c9.373 9.373 9.373 24.569 0 33.941L240.971 381.476c-9.373 9.372-24.569 9.372-33.942 0z\"><\/path><\/svg><\/div><\/span><\/div>\n<\/div><\/div>\n<\/div><\/div><\/summary>\n\n\n\n<div class=\"wp-block-stackable-column stk-block-accordion__content stk-block-column stk-column stk-block stk-451bd5a\" data-block-id=\"451bd5a\"><div class=\"stk-column-wrapper stk-block-column__content stk-container stk-451bd5a-container stk--no-background stk--no-padding\"><div class=\"stk-block-content stk-inner-blocks\">\n<div class=\"wp-block-columns is-layout-flex wp-container-core-columns-is-layout-28f84493 wp-block-columns-is-layout-flex\">\n<div class=\"wp-block-column is-layout-flow wp-block-column-is-layout-flow\" style=\"flex-basis:33.33%\">\n<div class=\"wp-block-image\"><figure class=\"aligncenter size-full\"><img loading=\"lazy\" decoding=\"async\" width=\"63\" height=\"94\" src=\"https:\/\/ostrow-mazowiecki.bpm.wrotamazowsza.pl\/wp-content\/uploads\/sites\/39\/2022\/02\/1-2.jpg\" alt=\"\" class=\"wp-image-18670\" srcset=\"https:\/\/bpostrow.pl\/wp-content\/uploads\/sites\/39\/2022\/02\/1-2.jpg 63w, https:\/\/bpostrow.pl\/wp-content\/uploads\/sites\/39\/2022\/02\/1-2-16x24.jpg 16w, https:\/\/bpostrow.pl\/wp-content\/uploads\/sites\/39\/2022\/02\/1-2-24x36.jpg 24w, https:\/\/bpostrow.pl\/wp-content\/uploads\/sites\/39\/2022\/02\/1-2-32x48.jpg 32w\" sizes=\"auto, (max-width: 63px) 100vw, 63px\" \/><\/figure><\/div>\n\n\n\n<div style=\"height:45px\" aria-hidden=\"true\" class=\"wp-block-spacer\"><\/div>\n\n\n\n<div class=\"wp-block-image\"><figure class=\"aligncenter size-full\"><img loading=\"lazy\" decoding=\"async\" width=\"66\" height=\"87\" src=\"https:\/\/ostrow-mazowiecki.bpm.wrotamazowsza.pl\/wp-content\/uploads\/sites\/39\/2022\/02\/2-2.jpg\" alt=\"\" class=\"wp-image-18673\" srcset=\"https:\/\/bpostrow.pl\/wp-content\/uploads\/sites\/39\/2022\/02\/2-2.jpg 66w, https:\/\/bpostrow.pl\/wp-content\/uploads\/sites\/39\/2022\/02\/2-2-18x24.jpg 18w, https:\/\/bpostrow.pl\/wp-content\/uploads\/sites\/39\/2022\/02\/2-2-27x36.jpg 27w, https:\/\/bpostrow.pl\/wp-content\/uploads\/sites\/39\/2022\/02\/2-2-36x48.jpg 36w\" sizes=\"auto, (max-width: 66px) 100vw, 66px\" \/><\/figure><\/div>\n\n\n\n<div style=\"height:20px\" aria-hidden=\"true\" class=\"wp-block-spacer\"><\/div>\n\n\n\n<div class=\"wp-block-image\"><figure class=\"aligncenter size-full\"><img loading=\"lazy\" decoding=\"async\" width=\"65\" height=\"87\" src=\"https:\/\/ostrow-mazowiecki.bpm.wrotamazowsza.pl\/wp-content\/uploads\/sites\/39\/2022\/02\/3-2.jpg\" alt=\"\" class=\"wp-image-18676\" srcset=\"https:\/\/bpostrow.pl\/wp-content\/uploads\/sites\/39\/2022\/02\/3-2.jpg 65w, https:\/\/bpostrow.pl\/wp-content\/uploads\/sites\/39\/2022\/02\/3-2-18x24.jpg 18w, https:\/\/bpostrow.pl\/wp-content\/uploads\/sites\/39\/2022\/02\/3-2-27x36.jpg 27w, https:\/\/bpostrow.pl\/wp-content\/uploads\/sites\/39\/2022\/02\/3-2-36x48.jpg 36w\" sizes=\"auto, (max-width: 65px) 100vw, 65px\" \/><\/figure><\/div>\n\n\n\n<div style=\"height:25px\" aria-hidden=\"true\" class=\"wp-block-spacer\"><\/div>\n\n\n\n<div class=\"wp-block-image\"><figure class=\"aligncenter size-full\"><img loading=\"lazy\" decoding=\"async\" width=\"64\" height=\"95\" src=\"https:\/\/ostrow-mazowiecki.bpm.wrotamazowsza.pl\/wp-content\/uploads\/sites\/39\/2022\/02\/4-2.jpg\" alt=\"\" class=\"wp-image-18679\" srcset=\"https:\/\/bpostrow.pl\/wp-content\/uploads\/sites\/39\/2022\/02\/4-2.jpg 64w, https:\/\/bpostrow.pl\/wp-content\/uploads\/sites\/39\/2022\/02\/4-2-16x24.jpg 16w, https:\/\/bpostrow.pl\/wp-content\/uploads\/sites\/39\/2022\/02\/4-2-24x36.jpg 24w, https:\/\/bpostrow.pl\/wp-content\/uploads\/sites\/39\/2022\/02\/4-2-32x48.jpg 32w\" sizes=\"auto, (max-width: 64px) 100vw, 64px\" \/><\/figure><\/div>\n\n\n\n<div style=\"height:45px\" aria-hidden=\"true\" class=\"wp-block-spacer\"><\/div>\n\n\n\n<div class=\"wp-block-image\"><figure class=\"aligncenter size-full\"><img loading=\"lazy\" decoding=\"async\" width=\"63\" height=\"91\" src=\"https:\/\/ostrow-mazowiecki.bpm.wrotamazowsza.pl\/wp-content\/uploads\/sites\/39\/2022\/02\/5-2.jpg\" alt=\"\" class=\"wp-image-18682\" srcset=\"https:\/\/bpostrow.pl\/wp-content\/uploads\/sites\/39\/2022\/02\/5-2.jpg 63w, https:\/\/bpostrow.pl\/wp-content\/uploads\/sites\/39\/2022\/02\/5-2-17x24.jpg 17w, https:\/\/bpostrow.pl\/wp-content\/uploads\/sites\/39\/2022\/02\/5-2-25x36.jpg 25w, https:\/\/bpostrow.pl\/wp-content\/uploads\/sites\/39\/2022\/02\/5-2-33x48.jpg 33w\" sizes=\"auto, (max-width: 63px) 100vw, 63px\" \/><\/figure><\/div>\n\n\n\n<div style=\"height:50px\" aria-hidden=\"true\" class=\"wp-block-spacer\"><\/div>\n\n\n\n<div class=\"wp-block-image\"><figure class=\"aligncenter size-full\"><img loading=\"lazy\" decoding=\"async\" width=\"65\" height=\"86\" src=\"https:\/\/ostrow-mazowiecki.bpm.wrotamazowsza.pl\/wp-content\/uploads\/sites\/39\/2022\/02\/6-2.jpg\" alt=\"\" class=\"wp-image-18685\" srcset=\"https:\/\/bpostrow.pl\/wp-content\/uploads\/sites\/39\/2022\/02\/6-2.jpg 65w, https:\/\/bpostrow.pl\/wp-content\/uploads\/sites\/39\/2022\/02\/6-2-18x24.jpg 18w, https:\/\/bpostrow.pl\/wp-content\/uploads\/sites\/39\/2022\/02\/6-2-27x36.jpg 27w, https:\/\/bpostrow.pl\/wp-content\/uploads\/sites\/39\/2022\/02\/6-2-36x48.jpg 36w\" sizes=\"auto, (max-width: 65px) 100vw, 65px\" \/><\/figure><\/div>\n\n\n\n<div style=\"height:20px\" aria-hidden=\"true\" class=\"wp-block-spacer\"><\/div>\n\n\n\n<div class=\"wp-block-image\"><figure class=\"aligncenter size-full\"><img loading=\"lazy\" decoding=\"async\" width=\"62\" height=\"87\" src=\"https:\/\/ostrow-mazowiecki.bpm.wrotamazowsza.pl\/wp-content\/uploads\/sites\/39\/2022\/02\/7-2.jpg\" alt=\"\" class=\"wp-image-18688\" srcset=\"https:\/\/bpostrow.pl\/wp-content\/uploads\/sites\/39\/2022\/02\/7-2.jpg 62w, https:\/\/bpostrow.pl\/wp-content\/uploads\/sites\/39\/2022\/02\/7-2-17x24.jpg 17w, https:\/\/bpostrow.pl\/wp-content\/uploads\/sites\/39\/2022\/02\/7-2-26x36.jpg 26w, https:\/\/bpostrow.pl\/wp-content\/uploads\/sites\/39\/2022\/02\/7-2-34x48.jpg 34w\" sizes=\"auto, (max-width: 62px) 100vw, 62px\" \/><\/figure><\/div>\n\n\n\n<div style=\"height:15px\" aria-hidden=\"true\" class=\"wp-block-spacer\"><\/div>\n\n\n\n<div class=\"wp-block-image\"><figure class=\"aligncenter size-full\"><img loading=\"lazy\" decoding=\"async\" width=\"66\" height=\"99\" src=\"https:\/\/ostrow-mazowiecki.bpm.wrotamazowsza.pl\/wp-content\/uploads\/sites\/39\/2022\/02\/8-2.jpg\" alt=\"\" class=\"wp-image-18691\" srcset=\"https:\/\/bpostrow.pl\/wp-content\/uploads\/sites\/39\/2022\/02\/8-2.jpg 66w, https:\/\/bpostrow.pl\/wp-content\/uploads\/sites\/39\/2022\/02\/8-2-16x24.jpg 16w, https:\/\/bpostrow.pl\/wp-content\/uploads\/sites\/39\/2022\/02\/8-2-24x36.jpg 24w, https:\/\/bpostrow.pl\/wp-content\/uploads\/sites\/39\/2022\/02\/8-2-32x48.jpg 32w\" sizes=\"auto, (max-width: 66px) 100vw, 66px\" \/><\/figure><\/div>\n\n\n\n<div style=\"height:24px\" aria-hidden=\"true\" class=\"wp-block-spacer\"><\/div>\n\n\n\n<div class=\"wp-block-image\"><figure class=\"aligncenter size-full\"><img loading=\"lazy\" decoding=\"async\" width=\"67\" height=\"90\" src=\"https:\/\/ostrow-mazowiecki.bpm.wrotamazowsza.pl\/wp-content\/uploads\/sites\/39\/2022\/02\/9-2.jpg\" alt=\"\" class=\"wp-image-18694\" srcset=\"https:\/\/bpostrow.pl\/wp-content\/uploads\/sites\/39\/2022\/02\/9-2.jpg 67w, https:\/\/bpostrow.pl\/wp-content\/uploads\/sites\/39\/2022\/02\/9-2-18x24.jpg 18w, https:\/\/bpostrow.pl\/wp-content\/uploads\/sites\/39\/2022\/02\/9-2-27x36.jpg 27w, https:\/\/bpostrow.pl\/wp-content\/uploads\/sites\/39\/2022\/02\/9-2-36x48.jpg 36w\" sizes=\"auto, (max-width: 67px) 100vw, 67px\" \/><\/figure><\/div>\n\n\n\n<div style=\"height:15px\" aria-hidden=\"true\" class=\"wp-block-spacer\"><\/div>\n\n\n\n<div class=\"wp-block-image\"><figure class=\"aligncenter size-full\"><img loading=\"lazy\" decoding=\"async\" width=\"67\" height=\"92\" src=\"https:\/\/ostrow-mazowiecki.bpm.wrotamazowsza.pl\/wp-content\/uploads\/sites\/39\/2022\/02\/10-1.jpg\" alt=\"\" class=\"wp-image-18697\" srcset=\"https:\/\/bpostrow.pl\/wp-content\/uploads\/sites\/39\/2022\/02\/10-1.jpg 67w, https:\/\/bpostrow.pl\/wp-content\/uploads\/sites\/39\/2022\/02\/10-1-17x24.jpg 17w, https:\/\/bpostrow.pl\/wp-content\/uploads\/sites\/39\/2022\/02\/10-1-26x36.jpg 26w, https:\/\/bpostrow.pl\/wp-content\/uploads\/sites\/39\/2022\/02\/10-1-35x48.jpg 35w\" sizes=\"auto, (max-width: 67px) 100vw, 67px\" \/><\/figure><\/div>\n\n\n\n<div class=\"wp-block-image\"><figure class=\"aligncenter size-full\"><img loading=\"lazy\" decoding=\"async\" width=\"64\" height=\"94\" src=\"https:\/\/ostrow-mazowiecki.bpm.wrotamazowsza.pl\/wp-content\/uploads\/sites\/39\/2022\/02\/11-1.jpg\" alt=\"\" class=\"wp-image-18700\" srcset=\"https:\/\/bpostrow.pl\/wp-content\/uploads\/sites\/39\/2022\/02\/11-1.jpg 64w, https:\/\/bpostrow.pl\/wp-content\/uploads\/sites\/39\/2022\/02\/11-1-16x24.jpg 16w, https:\/\/bpostrow.pl\/wp-content\/uploads\/sites\/39\/2022\/02\/11-1-25x36.jpg 25w, https:\/\/bpostrow.pl\/wp-content\/uploads\/sites\/39\/2022\/02\/11-1-33x48.jpg 33w\" sizes=\"auto, (max-width: 64px) 100vw, 64px\" \/><\/figure><\/div>\n<\/div>\n\n\n\n<div class=\"wp-block-column is-layout-flow wp-block-column-is-layout-flow\" style=\"flex-basis:66.66%\">\n<p>Sprawdzone metody w edukacji specjalnej i w\u0142\u0105czaj\u0105cej : strategie nauczania poparte badaniami \/ David Mitchell ; przek\u0142ad Juliusz Okuniewski. \u2013 Gda\u0144sk : Harmonia Universalis, 2016. \u2013 406 s. ; 24 cm. W 76927<\/p>\n\n\n\n<p>Rodzice i rodze\u0144stwo wobec trudno\u015bci w zdrowiu i rozwoju dziecka \/ pod red. Doroty Danielewicz i Ewy Pisuli. \u2013 Warszawa : Wydawnictwo Akademii Pedagogiki Specjalnej, 2011. \u2013 284, [3] s. : il. ; 24 cm. W 70956<\/p>\n\n\n\n<p>Jako\u015b\u0107 \u017cycia rodzin z dzieckiem z niepe\u0142nosprawno\u015bci\u0105 intelektualn\u0105 : raport z bada\u0144 \/ Ewa Zas\u0119pa, Agnieszka Wo\u0142owicz. \u2013 Warszawa : Wydawnictwo Akademii Pedagogiki Specjalnej, 2010. \u2013 211, [1] s. : il. ; 24 cm. W 68054; W 69151<\/p>\n\n\n\n<p>Teoria i praktyka kszta\u0142cenia integracyjnego os\u00f3b z niepe\u0142nosprawno\u015bci\u0105 w Polsce w latach 1989-2014 \/ Danuta Apanel. \u2013\u00a0 Wyd. 2 uzup.\u00a0 \u2013 Krak\u00f3w : Oficyna Wydawnicza \u201eImpuls\u201d, 2016. \u2013 549\u00a0 s. : il. ; 23 cm. W 77606<\/p>\n\n\n\n<p>Wok\u00f3\u0142 edukacji w\u0142\u0105czaj\u0105cej : efekty kszta\u0142cenia uczni\u00f3w z niepe\u0142nosprawno\u015bci\u0105 intelektualn\u0105 w stopniu lekkim w klasach specjalnych, integracyjnych i og\u00f3lnodost\u0119pnych \/ Grzegorz Szumski ; wsp\u00f3\u0142pr. Anna Firkowska-Mankiewicz. \u2013 Warszawa : Wydawnictwo Akademii Pedagogiki Specjalnej, 2010. \u2013 239, [1] s. : il. ; 24 cm. P 67963<\/p>\n\n\n\n<p>Inkluzja edukacyjna a pedagogika lecznicza \/ Otto Speck ; przek\u0142. Anna Grysi\u0144ska. \u2013 Gda\u0144sk : Harmonia Universalis, cop. 2013. \u2013 152 s. ; 24 cm. W 70675; P 70674<\/p>\n\n\n\n<p>Teoria i praktyka kszta\u0142cenia integracyjnego w Polsce w latach 1989-2012 \/ Danuta Apanel. \u2013 Toru\u0144 : Wydawnictwo Adam Marsza\u0142ek, 2014. \u2013 563 s. : il. ; 23 cm. W 71807; P 71806<\/p>\n\n\n\n<p>Diagnoza rozwoju ucznia z niepe\u0142nosprawno\u015bci\u0105 intelektualn\u0105 w stopniu umiarkowanym : indywidualny program edukacyjno-terapeutyczny \/ Alicja Tanajewska, Renata Naprawa. \u2013 Gda\u0144sk : Wydawnictwo Harmonia, 2014. \u2013 75, [2] s. ; 24 cm. W 75166; P 75165<\/p>\n\n\n\n<p>Dydaktyka specjalna : wybrane zagadnienia \/ red. nauk. Janina Wyczesany. \u2013 Gda\u0144sk : Harmonia Universalis, 2014. \u2013 269 s. : il. ; 24 cm. W 71298; P 71299<\/p>\n\n\n\n<p>Ucze\u0144 o specjalnych potrzebach wychowawczych w klasie szkolnej \/ Aneta Paszkiewicz, Ma\u0142gorzata \u0141obacz. \u2013 Warszawa : Wydawnictwo Difin, 2013. \u2013 246, [2] s. ; 23 cm. W 70889; P 70804<\/p>\n\n\n\n<p>Do\u015bwiadczanie zmian w teorii i praktyce pedagogicznej \/ red. nauk. Joanna Skibska i Justyna Wojciechowska. \u2013 Warszawa : Wydawnictwo Akademickie \u017bak, cop. 2015. \u2013 319, [2] s. : il. ; 24 cm. W 77203<\/p>\n<\/div>\n<\/div>\n<\/div><\/div><\/div>\n<\/details>\n","protected":false},"excerpt":{"rendered":"<p>PODNOSZENIE JAKO\u015aCI EDUKACJI W\u0141\u0104CZAJ\u0104CEJ W SZKO\u0141ACH I PLAC\u00d3WKACH SYSTEMU O\u015aWIATY.Opublikowano 14 wrze\u015bnia 2017 o godzinie 14:16 autor\u00a0Artur Morawski Ksi\u0105\u017cki dost\u0119pne [&hellip;]<\/p>\n","protected":false},"author":205,"featured_media":0,"parent":0,"menu_order":0,"comment_status":"closed","ping_status":"closed","template":"","meta":{"_acf_changed":false,"_oasis_is_in_workflow":0,"_oasis_original":0,"inline_featured_image":false,"site-sidebar-layout":"default","site-content-layout":"","ast-site-content-layout":"default","site-content-style":"default","site-sidebar-style":"default","ast-global-header-display":"","ast-banner-title-visibility":"","ast-main-header-display":"","ast-hfb-above-header-display":"","ast-hfb-below-header-display":"","ast-hfb-mobile-header-display":"","site-post-title":"","ast-breadcrumbs-content":"","ast-featured-img":"","footer-sml-layout":"","ast-disable-related-posts":"","theme-transparent-header-meta":"","adv-header-id-meta":"","stick-header-meta":"","header-above-stick-meta":"","header-main-stick-meta":"","header-below-stick-meta":"","astra-migrate-meta-layouts":"default","ast-page-background-enabled":"default","ast-page-background-meta":{"desktop":{"background-color":"","background-image":"","background-repeat":"repeat","background-position":"center center","background-size":"auto","background-attachment":"scroll","background-type":"","background-media":"","overlay-type":"","overlay-color":"","overlay-opacity":"","overlay-gradient":""},"tablet":{"background-color":"","background-image":"","background-repeat":"repeat","background-position":"center center","background-size":"auto","background-attachment":"scroll","background-type":"","background-media":"","overlay-type":"","overlay-color":"","overlay-opacity":"","overlay-gradient":""},"mobile":{"background-color":"","background-image":"","background-repeat":"repeat","background-position":"center center","background-size":"auto","background-attachment":"scroll","background-type":"","background-media":"","overlay-type":"","overlay-color":"","overlay-opacity":"","overlay-gradient":""}},"ast-content-background-meta":{"desktop":{"background-color":"var(--ast-global-color-5)","background-image":"","background-repeat":"repeat","background-position":"center center","background-size":"auto","background-attachment":"scroll","background-type":"","background-media":"","overlay-type":"","overlay-color":"","overlay-opacity":"","overlay-gradient":""},"tablet":{"background-color":"var(--ast-global-color-5)","background-image":"","background-repeat":"repeat","background-position":"center center","background-size":"auto","background-attachment":"scroll","background-type":"","background-media":"","overlay-type":"","overlay-color":"","overlay-opacity":"","overlay-gradient":""},"mobile":{"background-color":"var(--ast-global-color-5)","background-image":"","background-repeat":"repeat","background-position":"center center","background-size":"auto","background-attachment":"scroll","background-type":"","background-media":"","overlay-type":"","overlay-color":"","overlay-opacity":"","overlay-gradient":""}},"_themeisle_gutenberg_block_has_review":false,"footnotes":""},"class_list":["post-17979","page","type-page","status-publish","hentry"],"acf":[],"featured_image_urls_v2":{"full":"","thumbnail":"","medium":"","medium_large":"","large":"","1536x1536":"","2048x2048":"","menu-24x24":"","menu-36x36":"","menu-48x48":"","mailpoet_newsletter_max":""},"post_excerpt_stackable_v2":"<p>PODNOSZENIE JAKO\u015aCI EDUKACJI W\u0141\u0104CZAJ\u0104CEJ W SZKO\u0141ACH I PLAC\u00d3WKACH SYSTEMU O\u015aWIATY.Opublikowano 14 wrze\u015bnia 2017 o godzinie 14:16 autor\u00a0Artur MorawskiKsi\u0105\u017cki dost\u0119pne w zbiorach Biblioteki Pedagogicznej (wyb\u00f3r). Sprawdzone metody w edukacji specjalnej i w\u0142\u0105czaj\u0105cej : strategie nauczania poparte badaniami \/ David Mitchell ; przek\u0142ad Juliusz Okuniewski. \u2013 Gda\u0144sk : Harmonia Universalis, 2016. \u2013 406 s. ; 24 cm. W 76927 Rodzice i rodze\u0144stwo wobec trudno\u015bci w zdrowiu i rozwoju dziecka \/ pod red. Doroty Danielewicz i Ewy Pisuli. \u2013 Warszawa : Wydawnictwo Akademii Pedagogiki Specjalnej, 2011. \u2013 284, [3] s. : il. ; 24 cm. W 70956 Jako\u015b\u0107 \u017cycia rodzin z dzieckiem z&hellip;<\/p>\n","category_list_v2":"","author_info_v2":{"name":"c2FicmFtZWs=","url":"https:\/\/bpostrow.pl\/ru\/author\/c2ficmftzws-2\/"},"comments_num_v2":"0 \u043a\u043e\u043c\u043c\u0435\u043d\u0442\u0430\u0440\u0438\u0435\u0432","_links":{"self":[{"href":"https:\/\/bpostrow.pl\/ru\/wp-json\/wp\/v2\/pages\/17979","targetHints":{"allow":["GET"]}}],"collection":[{"href":"https:\/\/bpostrow.pl\/ru\/wp-json\/wp\/v2\/pages"}],"about":[{"href":"https:\/\/bpostrow.pl\/ru\/wp-json\/wp\/v2\/types\/page"}],"author":[{"embeddable":true,"href":"https:\/\/bpostrow.pl\/ru\/wp-json\/wp\/v2\/users\/205"}],"replies":[{"embeddable":true,"href":"https:\/\/bpostrow.pl\/ru\/wp-json\/wp\/v2\/comments?post=17979"}],"version-history":[{"count":7,"href":"https:\/\/bpostrow.pl\/ru\/wp-json\/wp\/v2\/pages\/17979\/revisions"}],"predecessor-version":[{"id":18730,"href":"https:\/\/bpostrow.pl\/ru\/wp-json\/wp\/v2\/pages\/17979\/revisions\/18730"}],"wp:attachment":[{"href":"https:\/\/bpostrow.pl\/ru\/wp-json\/wp\/v2\/media?parent=17979"}],"curies":[{"name":"wp","href":"https:\/\/api.w.org\/{rel}","templated":true}]}}