{"id":21717,"date":"2022-06-30T16:00:58","date_gmt":"2022-06-30T14:00:58","guid":{"rendered":"https:\/\/bpostrow.pl\/mapa-strony\/"},"modified":"2024-05-13T13:02:30","modified_gmt":"2024-05-13T11:02:30","slug":"mapa-strony","status":"publish","type":"page","link":"https:\/\/bpostrow.pl\/ru\/mapa-strony\/","title":{"rendered":"\u041a\u0430\u0440\u0442\u0430 \u0441\u0430\u0439\u0442\u0430"},"content":{"rendered":"<ul class=\"wp-block-page-list\"><li class=\"wp-block-pages-list__item\"><a class=\"wp-block-pages-list__item__link\" href=\"https:\/\/bpostrow.pl\/ru\/bezpieczenstwo-w-internecie-odpowiednie-korzystanie-z-mediow-spolecznosciowych\/\">Bezpiecze\u0144stwo w internecie. Odpowiednie korzystanie z medi\u00f3w spo\u0142eczno\u015bciowych<\/a><\/li><li class=\"wp-block-pages-list__item\"><a class=\"wp-block-pages-list__item__link\" href=\"https:\/\/bpostrow.pl\/ru\/bibliografie-osobowe\/\">Bibliografie osobowe<\/a><\/li><li class=\"wp-block-pages-list__item\"><a class=\"wp-block-pages-list__item__link\" href=\"https:\/\/bpostrow.pl\/ru\/biblioteka-szkolna\/\">Biblioteka szkolna<\/a><\/li><li class=\"wp-block-pages-list__item\"><a class=\"wp-block-pages-list__item__link\" href=\"https:\/\/bpostrow.pl\/ru\/bibliotekarstwo-czytelnictwo\/\">Bibliotekarstwo. Czytelnictwo<\/a><\/li><li class=\"wp-block-pages-list__item\"><a class=\"wp-block-pages-list__item__link\" href=\"https:\/\/bpostrow.pl\/ru\/biblioterapia\/\">Biblioterapia<\/a><\/li><li class=\"wp-block-pages-list__item\"><a class=\"wp-block-pages-list__item__link\" href=\"https:\/\/bpostrow.pl\/ru\/biuletyn-zbiorow-multimedialnych\/\">Biuletyn zbior\u00f3w multimedialnych<\/a><\/li><li class=\"wp-block-pages-list__item\"><a class=\"wp-block-pages-list__item__link\" href=\"https:\/\/bpostrow.pl\/ru\/czasopisma\/\">Czasopisma<\/a><\/li><li class=\"wp-block-pages-list__item\"><a class=\"wp-block-pages-list__item__link\" href=\"https:\/\/bpostrow.pl\/ru\/dzialy-2\/\">Dzia\u0142y<\/a><\/li><li class=\"wp-block-pages-list__item\"><a class=\"wp-block-pages-list__item__link\" href=\"https:\/\/bpostrow.pl\/ru\/rodo\/\">GDPR<\/a><\/li><li class=\"wp-block-pages-list__item\"><a class=\"wp-block-pages-list__item__link\" href=\"https:\/\/bpostrow.pl\/ru\/inne\/\">Inne<\/a><\/li><li class=\"wp-block-pages-list__item\"><a class=\"wp-block-pages-list__item__link\" href=\"https:\/\/bpostrow.pl\/ru\/kalendarium\/\">Kalendarium<\/a><\/li><li class=\"wp-block-pages-list__item\"><a class=\"wp-block-pages-list__item__link\" href=\"https:\/\/bpostrow.pl\/ru\/kierunki-realizacji-polityki-oswiatowej-panstwa-2021-2022\/\">Kierunki realizacji Polityki O\u015bwiatowej Pa\u0144stwa 2021\/2022<\/a><\/li><li class=\"wp-block-pages-list__item\"><a class=\"wp-block-pages-list__item__link\" href=\"https:\/\/bpostrow.pl\/ru\/klauzula-informacyjna\/\">Klauzula informacyjna<\/a><\/li><li class=\"wp-block-pages-list__item\"><a class=\"wp-block-pages-list__item__link\" href=\"https:\/\/bpostrow.pl\/ru\/koncepcja-pracy-biblioteki-pedagogicznej-w-ostrolece\/\">Koncepcja pracy Biblioteki Pedagogicznej w Ostro\u0142\u0119ce<\/a><\/li><li class=\"wp-block-pages-list__item\"><a class=\"wp-block-pages-list__item__link\" href=\"https:\/\/bpostrow.pl\/ru\/libra\/\">Libra<\/a><\/li><li class=\"wp-block-pages-list__item\"><a class=\"wp-block-pages-list__item__link\" href=\"https:\/\/bpostrow.pl\/ru\/log-in\/\">Log in<\/a><\/li><li class=\"wp-block-pages-list__item\"><a class=\"wp-block-pages-list__item__link\" href=\"https:\/\/bpostrow.pl\/ru\/materialy-repertuarowe\/\">Materia\u0142y repertuarowe<\/a><\/li><li class=\"wp-block-pages-list__item\"><a class=\"wp-block-pages-list__item__link\" href=\"https:\/\/bpostrow.pl\/ru\/metodyka-nauczania-poszczegolnych-przedmiotow-nauczania-2\/\">Metodyka nauczania poszczeg\u00f3lnych przedmiot\u00f3w nauczania<\/a><\/li><li class=\"wp-block-pages-list__item\"><a class=\"wp-block-pages-list__item__link\" href=\"https:\/\/bpostrow.pl\/ru\/ochrona-danych-osobowych\/\">Ochrona Danych Osobowych<\/a><\/li><li class=\"wp-block-pages-list__item\"><a class=\"wp-block-pages-list__item__link\" href=\"https:\/\/bpostrow.pl\/ru\/ochrona-danych-osobowych-w-bibliotece-pedagogicznej-w-ostrolece\/\">Ochrona danych osobowych w Bibliotece Pedagogicznej w Ostro\u0142\u0119ce<\/a><\/li><li class=\"wp-block-pages-list__item\"><a class=\"wp-block-pages-list__item__link\" href=\"https:\/\/bpostrow.pl\/ru\/ogloszenia\/\">Og\u0142oszenia<\/a><\/li><li class=\"wp-block-pages-list__item\"><a class=\"wp-block-pages-list__item__link\" href=\"https:\/\/bpostrow.pl\/ru\/patologia-spoleczna-agresja-uzaleznienie-przemoc\/\">Patologia spo\u0142eczna. Agresja. Uzaleznienie. Przemoc<\/a><\/li><li class=\"wp-block-pages-list__item\"><a class=\"wp-block-pages-list__item__link\" href=\"https:\/\/bpostrow.pl\/ru\/pedagogika-szkolnictwo-oswiata-wychowanie\/\">Pedagogika. Szkolnictwo. O\u015bwiata. Wychowanie.<\/a><\/li><li class=\"wp-block-pages-list__item\"><a class=\"wp-block-pages-list__item__link\" href=\"https:\/\/bpostrow.pl\/ru\/pisali-o-nas\/\">Pisali o nas<\/a><\/li><li class=\"wp-block-pages-list__item\"><a class=\"wp-block-pages-list__item__link\" href=\"https:\/\/bpostrow.pl\/ru\/podniesienie-jakosci-edukacji-matematycznej-przyrodniczej-i-informatycznej\/\">Podniesienie jako\u015bci edukacji matematycznej, przyrodniczej i informatycznej<\/a><\/li><li class=\"wp-block-pages-list__item\"><a class=\"wp-block-pages-list__item__link\" href=\"https:\/\/bpostrow.pl\/ru\/podnoszenie-jakosci-edukacji-wlaczajacej-w-szkolach-i-placowkach-systemu-oswiaty\/\">Podnoszenie jako\u015bci edukacji w\u0142\u0105czaj\u0105cej w szko\u0142ach i plac\u00f3wkach systemu o\u015bwiaty.<\/a><\/li><li class=\"wp-block-pages-list__item\"><a class=\"wp-block-pages-list__item__link\" href=\"https:\/\/bpostrow.pl\/ru\/podstawowe-kierunki-realizacji-polityki-oswiatowej-panstwa-w-roku-szkolnym-2021-2022\/\">Podstawowe kierunki realizacji polityki o\u015bwiatowej pa\u0144stwa w roku szkolnym 2021\/2022<\/a><\/li><li class=\"wp-block-pages-list__item\"><a class=\"wp-block-pages-list__item__link\" href=\"https:\/\/bpostrow.pl\/ru\/potwierdzenie-realizacji\/\">Potwierdzenie realizacji<\/a><\/li><li class=\"wp-block-pages-list__item\"><a class=\"wp-block-pages-list__item__link\" href=\"https:\/\/bpostrow.pl\/ru\/procedura-covid-19\/\">Procedura COVID 19<\/a><\/li><li class=\"wp-block-pages-list__item\"><a class=\"wp-block-pages-list__item__link\" href=\"https:\/\/bpostrow.pl\/ru\/propozycje-zakupu\/\">Propozycje zakupu<\/a><\/li><li class=\"wp-block-pages-list__item\"><a class=\"wp-block-pages-list__item__link\" href=\"https:\/\/bpostrow.pl\/ru\/przegladanie-zgloszen\/\">Przegl\u0105danie zg\u0142osze\u0144<\/a><\/li><li class=\"wp-block-pages-list__item\"><a class=\"wp-block-pages-list__item__link\" href=\"https:\/\/bpostrow.pl\/ru\/psychologia\/\">Psychologia<\/a><\/li><li class=\"wp-block-pages-list__item\"><a class=\"wp-block-pages-list__item__link\" href=\"https:\/\/bpostrow.pl\/ru\/regulaminy\/\">Regulaminy<\/a><\/li><li class=\"wp-block-pages-list__item\"><a class=\"wp-block-pages-list__item__link\" href=\"https:\/\/bpostrow.pl\/ru\/serwis-prasowy\/\">Serwis prasowy<\/a><\/li><li class=\"wp-block-pages-list__item\"><a class=\"wp-block-pages-list__item__link\" href=\"https:\/\/bpostrow.pl\/ru\/socjologia\/\">Socjologia<\/a><\/li><li class=\"wp-block-pages-list__item\"><a class=\"wp-block-pages-list__item__link\" href=\"https:\/\/bpostrow.pl\/ru\/sprawdz\/\">Sprawd\u017a<\/a><\/li><li class=\"wp-block-pages-list__item menu-item-home\"><a class=\"wp-block-pages-list__item__link\" href=\"https:\/\/bpostrow.pl\/ru\/\">Strona g\u0142\u00f3wna<\/a><\/li><li class=\"wp-block-pages-list__item\"><a class=\"wp-block-pages-list__item__link\" href=\"https:\/\/bpostrow.pl\/ru\/strona-kursow\/\">Strona kurs\u00f3w<\/a><\/li><li class=\"wp-block-pages-list__item\"><a class=\"wp-block-pages-list__item__link\" href=\"https:\/\/bpostrow.pl\/ru\/tematyczne-zestawienia-zbiorow-specjalnych\/\">Tematyczne zestawienia zbior\u00f3w specjalnych<\/a><\/li><li class=\"wp-block-pages-list__item\"><a class=\"wp-block-pages-list__item__link\" href=\"https:\/\/bpostrow.pl\/ru\/uslugi\/\">Us\u0142ugi<\/a><\/li><li class=\"wp-block-pages-list__item\"><a class=\"wp-block-pages-list__item__link\" href=\"https:\/\/bpostrow.pl\/ru\/wdrazanie-nowej-podstawy-programowej-ksztalcenia-ogolnego\/\">Wdra\u017canie nowej podstawy programowej kszta\u0142cenia og\u00f3lnego<\/a><\/li><li class=\"wp-block-pages-list__item\"><a class=\"wp-block-pages-list__item__link\" href=\"https:\/\/bpostrow.pl\/ru\/wprowadzanie-doradzctwa-zawodowego-do-szkol-i-placowek\/\">Wprowadzanie doradzctwa zawodowego do szk\u00f3\u0142 i plac\u00f3wek<\/a><\/li><li class=\"wp-block-pages-list__item\"><a class=\"wp-block-pages-list__item__link\" href=\"https:\/\/bpostrow.pl\/ru\/wspomnienia\/\">Wspomnienia<\/a><\/li><li class=\"wp-block-pages-list__item\"><a class=\"wp-block-pages-list__item__link\" href=\"https:\/\/bpostrow.pl\/ru\/wydarzenia\/\">Wydarzenia<\/a><\/li><li class=\"wp-block-pages-list__item\"><a class=\"wp-block-pages-list__item__link\" href=\"https:\/\/bpostrow.pl\/ru\/wzmacnianie-wychowawczej-roli-szkoly\/\">Wzmacnianie wychowawczej roli szko\u0142y<\/a><\/li><li class=\"wp-block-pages-list__item\"><a class=\"wp-block-pages-list__item__link\" href=\"https:\/\/bpostrow.pl\/ru\/zasob-czasopism\/\">Zas\u00f3b czasopism biblioteki<\/a><\/li><li class=\"wp-block-pages-list__item\"><a class=\"wp-block-pages-list__item__link\" href=\"https:\/\/bpostrow.pl\/ru\/zbiory-4\/\">Zbiory<\/a><\/li><li class=\"wp-block-pages-list__item\"><a class=\"wp-block-pages-list__item__link\" href=\"https:\/\/bpostrow.pl\/ru\/zgloszenie-potwierdzone\/\">Zg\u0142oszenie potwierdzone<\/a><\/li><li class=\"wp-block-pages-list__item\"><a class=\"wp-block-pages-list__item__link\" href=\"https:\/\/bpostrow.pl\/ru\/zgoda-na-otrzymywanie-wiadomosci-zwiazanych-z-wydarzeniami-i-wideokonferencjami\/\">Zgoda na otrzymywanie wiadomo\u015bci zwi\u0105zanych z wydarzeniami i wideokonferencjami<\/a><\/li><li class=\"wp-block-pages-list__item\"><a class=\"wp-block-pages-list__item__link\" href=\"https:\/\/bpostrow.pl\/ru\/filia-w-makowie-mazowieckim\/\">\u0432\u0435\u0442\u0432\u0438<\/a><\/li><li class=\"wp-block-pages-list__item\"><a class=\"wp-block-pages-list__item__link\" href=\"https:\/\/bpostrow.pl\/ru\/%d0%b4%d0%b5%d0%ba%d0%bb%d0%b0%d1%80%d0%b0%d1%86%d0%b8%d1%8f-%d0%be-%d0%b4%d0%be%d1%81%d1%82%d1%83%d0%bf%d0%bd%d0%be%d1%81%d1%82%d0%b8\/\">\u0414\u0435\u043a\u043b\u0430\u0440\u0430\u0446\u0438\u044f \u043e \u0434\u043e\u0441\u0442\u0443\u043f\u043d\u043e\u0441\u0442\u0438<\/a><\/li><li class=\"wp-block-pages-list__item\"><a class=\"wp-block-pages-list__item__link\" href=\"https:\/\/bpostrow.pl\/ru\/mapa-strony\/\">\u041a\u0430\u0440\u0442\u0430 \u0441\u0430\u0439\u0442\u0430<\/a><\/li><li class=\"wp-block-pages-list__item\"><a class=\"wp-block-pages-list__item__link\" href=\"https:\/\/bpostrow.pl\/ru\/kontakt\/\">\u043a\u043e\u043d\u0442\u0430\u043a\u0442<\/a><\/li><li class=\"wp-block-pages-list__item\"><a class=\"wp-block-pages-list__item__link\" href=\"https:\/\/bpostrow.pl\/ru\/aktualnosci\/\">\u041d\u043e\u0432\u043e\u0441\u0442\u0438<\/a><\/li><li class=\"wp-block-pages-list__item\"><a class=\"wp-block-pages-list__item__link\" href=\"https:\/\/bpostrow.pl\/ru\/%d0%bf%d0%be%d0%bb%d0%b8%d1%82%d0%b8%d0%ba%d0%b0-%d0%ba%d0%be%d0%bd%d1%84%d0%b8%d0%b4%d0%b5%d0%bd%d1%86%d0%b8%d0%b0%d0%bb%d1%8c%d0%bd%d0%be%d1%81%d1%82%d0%b8\/\">\u041f\u043e\u043b\u0438\u0442\u0438\u043a\u0430 \u043a\u043e\u043d\u0444\u0438\u0434\u0435\u043d\u0446\u0438\u0430\u043b\u044c\u043d\u043e\u0441\u0442\u0438<\/a><\/li><li class=\"wp-block-pages-list__item has-child\"><a class=\"wp-block-pages-list__item__link\" href=\"https:\/\/bpostrow.pl\/ru\/profil-uzytkownika\/\">\u041f\u0440\u043e\u0444\u0438\u043b\u044c \u043f\u043e\u043b\u044c\u0437\u043e\u0432\u0430\u0442\u0435\u043b\u044f<\/a><ul class=\"wp-block-navigation__submenu-container\"><li class=\"wp-block-pages-list__item \"><a class=\"wp-block-pages-list__item__link\" href=\"https:\/\/bpostrow.pl\/ru\/profil-uzytkownika\/moje-wideokonferencje\/\">\u041c\u043e\u0438 \u0432\u0438\u0434\u0435\u043e\u043a\u043e\u043d\u0444\u0435\u0440\u0435\u043d\u0446\u0438\u0438<\/a><\/li><li class=\"wp-block-pages-list__item \"><a class=\"wp-block-pages-list__item__link\" href=\"https:\/\/bpostrow.pl\/ru\/profil-uzytkownika\/moje-wystawy\/\">\u041c\u043e\u0438 \u0432\u044b\u0441\u0442\u0430\u0432\u043a\u0438<\/a><\/li><li class=\"wp-block-pages-list__item \"><a class=\"wp-block-pages-list__item__link\" href=\"https:\/\/bpostrow.pl\/ru\/profil-uzytkownika\/moje-skargi-i-wnioski\/\">\u041c\u043e\u0438 \u0436\u0430\u043b\u043e\u0431\u044b \u0438 \u043f\u0440\u043e\u0441\u044c\u0431\u044b<\/a><\/li><li class=\"wp-block-pages-list__item \"><a class=\"wp-block-pages-list__item__link\" href=\"https:\/\/bpostrow.pl\/ru\/profil-uzytkownika\/moje-zapytania\/\">\u041c\u043e\u0438 \u0437\u0430\u043f\u0440\u043e\u0441\u044b<\/a><\/li><li class=\"wp-block-pages-list__item \"><a class=\"wp-block-pages-list__item__link\" href=\"https:\/\/bpostrow.pl\/ru\/profil-uzytkownika\/%d0%bc%d0%be%d0%b8-%d0%ba%d1%83%d1%80%d1%81%d1%8b\/\">\u041c\u043e\u0438 \u043a\u0443\u0440\u0441\u044b<\/a><\/li><li class=\"wp-block-pages-list__item \"><a class=\"wp-block-pages-list__item__link\" href=\"https:\/\/bpostrow.pl\/ru\/profil-uzytkownika\/%d0%bc%d0%be%d0%b8-%d0%be%d1%88%d0%b8%d0%b1%d0%ba%d0%b8\/\">\u041c\u043e\u0438 \u043e\u0448\u0438\u0431\u043a\u0438<\/a><\/li><li class=\"wp-block-pages-list__item \"><a class=\"wp-block-pages-list__item__link\" href=\"https:\/\/bpostrow.pl\/ru\/profil-uzytkownika\/moje-praktyki\/\">\u041c\u043e\u0438 \u043f\u0440\u0430\u043a\u0442\u0438\u043a\u0438<\/a><\/li><li class=\"wp-block-pages-list__item \"><a class=\"wp-block-pages-list__item__link\" href=\"https:\/\/bpostrow.pl\/ru\/profil-uzytkownika\/moje-propozycje-zakupu\/\">\u041c\u043e\u0438 \u043f\u0440\u0435\u0434\u043b\u043e\u0436\u0435\u043d\u0438\u044f \u043f\u043e \u043f\u043e\u043a\u0443\u043f\u043a\u0435<\/a><\/li><li class=\"wp-block-pages-list__item \"><a class=\"wp-block-pages-list__item__link\" href=\"https:\/\/bpostrow.pl\/ru\/profil-uzytkownika\/moje-skany\/\">\u041c\u043e\u0438 \u0441\u043a\u0430\u043d\u044b<\/a><\/li><li class=\"wp-block-pages-list__item \"><a class=\"wp-block-pages-list__item__link\" href=\"https:\/\/bpostrow.pl\/ru\/profil-uzytkownika\/moje-wydarzenia\/\">\u041c\u043e\u0438 \u0441\u043e\u0431\u044b\u0442\u0438\u044f<\/a><\/li><li class=\"wp-block-pages-list__item \"><a class=\"wp-block-pages-list__item__link\" href=\"https:\/\/bpostrow.pl\/ru\/profil-uzytkownika\/%d0%bc%d0%be%d0%b8-%d1%81%d0%be%d0%b3%d0%bb%d0%b0%d1%81%d0%b8%d1%8f\/\">\u041c\u043e\u0438 \u0441\u043e\u0433\u043b\u0430\u0441\u0438\u044f<\/a><\/li><li class=\"wp-block-pages-list__item \"><a class=\"wp-block-pages-list__item__link\" href=\"https:\/\/bpostrow.pl\/ru\/profil-uzytkownika\/%d0%bc%d0%be%d0%b8-%d1%81%d0%be%d0%be%d0%b1%d1%89%d0%b5%d0%bd%d0%b8%d1%8f\/\">\u041c\u043e\u0438 \u0441\u043e\u043e\u0431\u0449\u0435\u043d\u0438\u044f<\/a><\/li><li class=\"wp-block-pages-list__item \"><a class=\"wp-block-pages-list__item__link\" href=\"https:\/\/bpostrow.pl\/ru\/profil-uzytkownika\/moje-zestawienia\/\">\u041c\u043e\u0438 \u0441\u043f\u0438\u0441\u043a\u0438 \u0431\u0438\u0431\u043b\u0438\u043e\u0442\u0435\u043a<\/a><\/li><li class=\"wp-block-pages-list__item \"><a class=\"wp-block-pages-list__item__link\" href=\"https:\/\/bpostrow.pl\/ru\/profil-uzytkownika\/moje-artykuly\/\">\u041c\u043e\u0438 \u0441\u0442\u0430\u0442\u044c\u0438<\/a><\/li><li class=\"wp-block-pages-list__item \"><a class=\"wp-block-pages-list__item__link\" href=\"https:\/\/bpostrow.pl\/ru\/profil-uzytkownika\/moje-lekcje-biblioteczne\/\">\u041c\u043e\u0438 \u0443\u0440\u043e\u043a\u0438 \u0432 \u0431\u0438\u0431\u043b\u0438\u043e\u0442\u0435\u043a\u0435<\/a><\/li><li class=\"wp-block-pages-list__item has-child \"><a class=\"wp-block-pages-list__item__link\" href=\"https:\/\/bpostrow.pl\/ru\/profil-uzytkownika\/moj-profil\/\">\u043c\u043e\u0439 \u043f\u0440\u043e\u0444\u0438\u043b\u044c<\/a><ul class=\"wp-block-navigation__submenu-container\"><li class=\"wp-block-pages-list__item \"><a class=\"wp-block-pages-list__item__link\" href=\"https:\/\/bpostrow.pl\/ru\/profil-uzytkownika\/moj-profil\/edytuj-profil\/\">\u0420\u0435\u0434\u0430\u043a\u0442\u0438\u0440\u043e\u0432\u0430\u0442\u044c \u043f\u0440\u043e\u0444\u0438\u043b\u044c<\/a><\/li><\/ul><\/li><\/ul><\/li><li class=\"wp-block-pages-list__item\"><a class=\"wp-block-pages-list__item__link\" href=\"https:\/\/bpostrow.pl\/ru\/register\/\">\u0440\u0435\u0433\u0438\u0441\u0442\u0440<\/a><\/li><li class=\"wp-block-pages-list__item\"><a class=\"wp-block-pages-list__item__link\" href=\"https:\/\/bpostrow.pl\/ru\/%d1%80%d0%b5%d0%b3%d0%bb%d0%b0%d0%bc%d0%b5%d0%bd%d1%82-%d1%80%d0%be%d0%b7%d1%81%d0%b8%d0%bb%d0%ba%d0%b8\/\">\u0420\u0435\u0433\u043b\u0430\u043c\u0435\u043d\u0442 \u0440\u043e\u0437\u0441\u0438\u043b\u043a\u0438<\/a><\/li><\/ul>","protected":false},"excerpt":{"rendered":"","protected":false},"author":112,"featured_media":0,"parent":0,"menu_order":0,"comment_status":"closed","ping_status":"closed","template":"","meta":{"_acf_changed":false,"_oasis_is_in_workflow":0,"_oasis_original":0,"inline_featured_image":false,"site-sidebar-layout":"default","site-content-layout":"","ast-site-content-layout":"default","site-content-style":"default","site-sidebar-style":"default","ast-global-header-display":"","ast-banner-title-visibility":"","ast-main-header-display":"","ast-hfb-above-header-display":"","ast-hfb-below-header-display":"","ast-hfb-mobile-header-display":"","site-post-title":"","ast-breadcrumbs-content":"","ast-featured-img":"","footer-sml-layout":"","ast-disable-related-posts":"","theme-transparent-header-meta":"","adv-header-id-meta":"","stick-header-meta":"","header-above-stick-meta":"","header-main-stick-meta":"","header-below-stick-meta":"","astra-migrate-meta-layouts":"set","ast-page-background-enabled":"default","ast-page-background-meta":{"desktop":{"background-color":"","background-image":"","background-repeat":"repeat","background-position":"center center","background-size":"auto","background-attachment":"scroll","background-type":"","background-media":"","overlay-type":"","overlay-color":"","overlay-opacity":"","overlay-gradient":""},"tablet":{"background-color":"","background-image":"","background-repeat":"repeat","background-position":"center center","background-size":"auto","background-attachment":"scroll","background-type":"","background-media":"","overlay-type":"","overlay-color":"","overlay-opacity":"","overlay-gradient":""},"mobile":{"background-color":"","background-image":"","background-repeat":"repeat","background-position":"center center","background-size":"auto","background-attachment":"scroll","background-type":"","background-media":"","overlay-type":"","overlay-color":"","overlay-opacity":"","overlay-gradient":""}},"ast-content-background-meta":{"desktop":{"background-color":"var(--ast-global-color-5)","background-image":"","background-repeat":"repeat","background-position":"center center","background-size":"auto","background-attachment":"scroll","background-type":"","background-media":"","overlay-type":"","overlay-color":"","overlay-opacity":"","overlay-gradient":""},"tablet":{"background-color":"var(--ast-global-color-5)","background-image":"","background-repeat":"repeat","background-position":"center center","background-size":"auto","background-attachment":"scroll","background-type":"","background-media":"","overlay-type":"","overlay-color":"","overlay-opacity":"","overlay-gradient":""},"mobile":{"background-color":"var(--ast-global-color-5)","background-image":"","background-repeat":"repeat","background-position":"center center","background-size":"auto","background-attachment":"scroll","background-type":"","background-media":"","overlay-type":"","overlay-color":"","overlay-opacity":"","overlay-gradient":""}},"_themeisle_gutenberg_block_has_review":false,"footnotes":""},"class_list":["post-21717","page","type-page","status-publish","hentry"],"acf":[],"featured_image_urls_v2":{"full":"","thumbnail":"","medium":"","medium_large":"","large":"","1536x1536":"","2048x2048":"","menu-24x24":"","menu-36x36":"","menu-48x48":"","mailpoet_newsletter_max":""},"post_excerpt_stackable_v2":"<p>Bezpiecze\u0144stwo w internecie. Odpowiednie korzystanie z medi\u00f3w spo\u0142eczno\u015bciowychBibliografie osoboweBiblioteka szkolnaBibliotekarstwo. CzytelnictwoBiblioterapiaBiuletyn zbior\u00f3w multimedialnychCzasopismaDzia\u0142yGDPRInneKalendariumKierunki realizacji Polityki O\u015bwiatowej Pa\u0144stwa 2021\/2022Klauzula informacyjnaKoncepcja pracy Biblioteki Pedagogicznej w Ostro\u0142\u0119ceLibraLog inMateria\u0142y repertuaroweMetodyka nauczania poszczeg\u00f3lnych przedmiot\u00f3w nauczaniaOchrona Danych OsobowychOchrona danych osobowych w Bibliotece Pedagogicznej w Ostro\u0142\u0119ceOg\u0142oszeniaPatologia spo\u0142eczna. Agresja. Uzaleznienie. PrzemocPedagogika. Szkolnictwo. O\u015bwiata. Wychowanie.Pisali o nasPodniesienie jako\u015bci edukacji matematycznej, przyrodniczej i informatycznejPodnoszenie jako\u015bci edukacji w\u0142\u0105czaj\u0105cej w szko\u0142ach i plac\u00f3wkach systemu o\u015bwiaty.Podstawowe kierunki realizacji polityki o\u015bwiatowej pa\u0144stwa w roku szkolnym 2021\/2022Potwierdzenie realizacjiProcedura COVID 19Propozycje zakupuPrzegl\u0105danie zg\u0142osze\u0144PsychologiaRegulaminySerwis prasowySocjologiaSprawd\u017aStrona g\u0142\u00f3wnaStrona kurs\u00f3wTematyczne zestawienia zbior\u00f3w specjalnychUs\u0142ugiWdra\u017canie nowej podstawy programowej kszta\u0142cenia og\u00f3lnegoWprowadzanie doradzctwa zawodowego do szk\u00f3\u0142 i plac\u00f3wekWspomnieniaWydarzeniaWzmacnianie wychowawczej roli szko\u0142yZas\u00f3b czasopism bibliotekiZbioryZg\u0142oszenie potwierdzoneZgoda&hellip;<\/p>\n","category_list_v2":"","author_info_v2":{"name":"Martyna Zalewska","url":"https:\/\/bpostrow.pl\/ru\/author\/mprzygodzka\/"},"comments_num_v2":"0 \u043a\u043e\u043c\u043c\u0435\u043d\u0442\u0430\u0440\u0438\u0435\u0432","_links":{"self":[{"href":"https:\/\/bpostrow.pl\/ru\/wp-json\/wp\/v2\/pages\/21717","targetHints":{"allow":["GET"]}}],"collection":[{"href":"https:\/\/bpostrow.pl\/ru\/wp-json\/wp\/v2\/pages"}],"about":[{"href":"https:\/\/bpostrow.pl\/ru\/wp-json\/wp\/v2\/types\/page"}],"author":[{"embeddable":true,"href":"https:\/\/bpostrow.pl\/ru\/wp-json\/wp\/v2\/users\/112"}],"replies":[{"embeddable":true,"href":"https:\/\/bpostrow.pl\/ru\/wp-json\/wp\/v2\/comments?post=21717"}],"version-history":[{"count":4,"href":"https:\/\/bpostrow.pl\/ru\/wp-json\/wp\/v2\/pages\/21717\/revisions"}],"predecessor-version":[{"id":26113,"href":"https:\/\/bpostrow.pl\/ru\/wp-json\/wp\/v2\/pages\/21717\/revisions\/26113"}],"wp:attachment":[{"href":"https:\/\/bpostrow.pl\/ru\/wp-json\/wp\/v2\/media?parent=21717"}],"curies":[{"name":"wp","href":"https:\/\/api.w.org\/{rel}","templated":true}]}}